{"id":6994,"date":"2022-12-01T10:24:39","date_gmt":"2022-12-01T09:24:39","guid":{"rendered":"http:\/\/aldebro.hu\/?page_id=6994"},"modified":"2022-12-01T10:24:40","modified_gmt":"2022-12-01T09:24:40","slug":"2022-evi-kepviselotestuleti-ulesek-nyilt-jegyzokonyvei","status":"publish","type":"page","link":"http:\/\/aldebro.hu\/en\/2022-evi-kepviselotestuleti-ulesek-nyilt-jegyzokonyvei\/","title":{"rendered":"2022. \u00e9vi K\u00e9pvisel\u0151test\u00fcleti \u00fcl\u00e9sek ny\u00edlt jegyz\u0151k\u00f6nyvei"},"content":{"rendered":"\n<p>2022. \u00e9vi K\u00e9pvisel\u0151test\u00fcleti \u00fcl\u00e9sek ny\u00edlt jegyz\u0151k\u00f6nyvei<\/p>\n\n\n\n<p><a href=\"http:\/\/aldebro.hu\/wp-content\/uploads\/2022\/12\/Aldebro-2022.01.10.-nyilv.-jkv..pdf\">2022. janu\u00e1r 10.<\/a><\/p>\n\n\n\n<p><a href=\"http:\/\/aldebro.hu\/wp-content\/uploads\/2022\/12\/Aldebro-2022.02.08.-nyilv.-jkv..pdf\">2022. febru\u00e1r 08.<\/a><\/p>\n\n\n\n<p><a href=\"http:\/\/aldebro.hu\/wp-content\/uploads\/2022\/12\/Aldebro-2022.03.08.-nyilv.-jkv..pdf\">2022. m\u00e1rcius 08.<\/a><\/p>\n\n\n\n<p><a href=\"http:\/\/aldebro.hu\/wp-content\/uploads\/2022\/12\/Aldebro-2022.04.14.-nyilv..pdf\">2022. \u00e1prilis 14.<\/a><\/p>\n\n\n\n<p><a href=\"http:\/\/aldebro.hu\/wp-content\/uploads\/2022\/12\/Aldebro-2022.04.21.-nyilv.-jkv..pdf\">2022. \u00e1prilis 21.<\/a><\/p>\n\n\n\n<p><a href=\"http:\/\/aldebro.hu\/wp-content\/uploads\/2022\/12\/Aldebro-2022.05.17.-nyil.-jkv..pdf\">2022. m\u00e1jus 17.<\/a><\/p>\n\n\n\n<p><a href=\"http:\/\/aldebro.hu\/wp-content\/uploads\/2022\/12\/Aldebro-2022.06.14.-nyilv.-jkv..pdf\">2022. j\u00fanius 14.<\/a><\/p>\n\n\n\n<p><a href=\"http:\/\/aldebro.hu\/wp-content\/uploads\/2022\/12\/Egyuttes-ules-2022.06.22_alairt.pdf\">2022. j\u00fanius 22. egy\u00fcttes \u00fcl\u00e9s<\/a><\/p>\n\n\n\n<p><a href=\"http:\/\/aldebro.hu\/wp-content\/uploads\/2022\/12\/Aldebro-2022.09.01.-nyilv.-jkv..pdf\">2022. szeptember 01.<\/a><\/p>\n\n\n\n<p><a href=\"http:\/\/aldebro.hu\/wp-content\/uploads\/2022\/12\/Aldebro-2022.09.20.-nyilv.-jkv..pdf\">2022. szeptember 20.<\/a><\/p>\n\n\n\n<p><a href=\"http:\/\/aldebro.hu\/wp-content\/uploads\/2022\/12\/Aldebro-2022.10.18.-nyilv.-jkv..pdf\">2022. okt\u00f3ber 18.<\/a><\/p>\n","protected":false},"excerpt":{"rendered":"<p>2022. \u00e9vi K\u00e9pvisel\u0151test\u00fcleti \u00fcl\u00e9sek ny\u00edlt jegyz\u0151k\u00f6nyvei 2022. janu\u00e1r 10. 2022. febru\u00e1r 08. 2022. m\u00e1rcius 08. 2022. \u00e1prilis 14. 2022. \u00e1prilis&#8230;<\/p>\n","protected":false},"author":1,"featured_media":0,"parent":0,"menu_order":0,"comment_status":"closed","ping_status":"closed","template":"","meta":{"footnotes":""},"class_list":["post-6994","page","type-page","status-publish","hentry"],"_links":{"self":[{"href":"http:\/\/aldebro.hu\/en\/wp-json\/wp\/v2\/pages\/6994","targetHints":{"allow":["GET"]}}],"collection":[{"href":"http:\/\/aldebro.hu\/en\/wp-json\/wp\/v2\/pages"}],"about":[{"href":"http:\/\/aldebro.hu\/en\/wp-json\/wp\/v2\/types\/page"}],"author":[{"embeddable":true,"href":"http:\/\/aldebro.hu\/en\/wp-json\/wp\/v2\/users\/1"}],"replies":[{"embeddable":true,"href":"http:\/\/aldebro.hu\/en\/wp-json\/wp\/v2\/comments?post=6994"}],"version-history":[{"count":1,"href":"http:\/\/aldebro.hu\/en\/wp-json\/wp\/v2\/pages\/6994\/revisions"}],"predecessor-version":[{"id":7006,"href":"http:\/\/aldebro.hu\/en\/wp-json\/wp\/v2\/pages\/6994\/revisions\/7006"}],"wp:attachment":[{"href":"http:\/\/aldebro.hu\/en\/wp-json\/wp\/v2\/media?parent=6994"}],"curies":[{"name":"wp","href":"https:\/\/api.w.org\/{rel}","templated":true}]}}