{"id":7525,"date":"2023-11-06T22:44:30","date_gmt":"2023-11-06T21:44:30","guid":{"rendered":"http:\/\/aldebro.hu\/?page_id=7525"},"modified":"2026-03-12T15:49:40","modified_gmt":"2026-03-12T14:49:40","slug":"valasztasi-szervek","status":"publish","type":"page","link":"http:\/\/aldebro.hu\/en\/valasztasi-szervek\/","title":{"rendered":"V\u00c1LASZT\u00c1SI SZERVEK"},"content":{"rendered":"\n<p><\/p>\n\n\n\n<p style=\"font-size:24px\"><strong>A v\u00e1laszt\u00e1si iroda<\/strong><\/p>\n\n\n\n<ul class=\"wp-block-list\">\n<li class=\"has-medium-font-size\"><strong>vezet\u0151j\u00e9nek neve<\/strong>: Dr. Dobos R\u00f3bert jegyz\u0151<\/li>\n<\/ul>\n\n\n\n<ul class=\"wp-block-list\">\n<li class=\"has-medium-font-size\"><strong>hivatali helyis\u00e9g\u00e9nek c\u00edme, telefonsz\u00e1ma, elektronikus lev\u00e9lc\u00edme:<\/strong><\/li>\n<\/ul>\n\n\n\n<p>               K\u00e1polnai K\u00f6z\u00f6s \u00d6nkorm\u00e1nyzati Hivatal Aldebr\u0151i Kirendelts\u00e9ge<\/p>\n\n\n\n<p>               3353 Aldebr\u0151, Arany J\u00e1nos \u00fat 1.<\/p>\n\n\n\n<p>               e-mail: igazgatas@aldebro.hu, jegyzo.kkoh@gmail.com<\/p>\n\n\n\n<p>               tel.: 06-36-480-001<\/p>\n\n\n\n<ul class=\"wp-block-list\">\n<li class=\"has-medium-font-size\"><strong>v\u00e1laszt\u00e1si inform\u00e1ci\u00f3s szolg\u00e1lat el\u00e9rhet\u0151s\u00e9ge<\/strong>:<\/li>\n<\/ul>\n\n\n\n<p>                3355 K\u00e1polna, Kossuth \u00fat 12.<\/p>\n\n\n\n<p>e-mail: kapolnapolghiv@gmail.com, jegyzo.kkoh@gmail.com<\/p>\n\n\n\n<p>tel.: 06-36-488-101<\/p>\n\n\n\n<ul class=\"has-medium-font-size wp-block-list\">\n<li><strong>a v\u00e1laszt\u00e1si iroda vezet\u0151j\u00e9nek hat\u00e1rozatai<\/strong>:<\/li>\n<\/ul>\n\n\n\n<ul class=\"has-medium-font-size wp-block-list\">\n<li><strong>\u00fcl\u00e9s\u00e9nek v\u00e1rhat\u00f3 id\u0151pontja \u00e9s r\u00e9szletes napirendje<\/strong>:<\/li>\n<\/ul>\n\n\n\n<ul class=\"wp-block-list\">\n<li class=\"has-medium-font-size\"><strong>\u00fcl\u00e9s\u00e9r\u0151l k\u00e9sz\u00fclt jegyz\u0151k\u00f6nyv<\/strong>:<\/li>\n<\/ul>\n\n\n\n<ul class=\"wp-block-list\">\n<li class=\"has-medium-font-size\"><strong>hat\u00e1rozatai:<\/strong><\/li>\n<\/ul>\n\n\n\n<p><\/p>\n\n\n\n<p style=\"font-size:24px\"><strong>A helyi v\u00e1laszt\u00e1si bizotts\u00e1g<\/strong><\/p>\n\n\n\n<ul class=\"wp-block-list\">\n<li class=\"has-medium-font-size\"><strong>tagjainak \u00e9s p\u00f3ttagjainak neve:<\/strong><\/li>\n<\/ul>\n\n\n\n<p>id. Kakuk J\u00f3zsef HVB tag \u00e9s eln\u00f6k<\/p>\n\n\n\n<p>Bir\u00f3 J\u00f3zsef HVB tag \u00e9s eln\u00f6khelyettes<\/p>\n\n\n\n<p>Szab\u00f3 Erzs\u00e9bet HVB tag<\/p>\n\n\n\n<p>ifj. Kakuk J\u00f3zsef HVB tag<\/p>\n\n\n\n<p>Krecz L\u00e1szl\u00f3n\u00e9 HVB tag<\/p>\n\n\n\n<p>Dr. Hangr\u00e1d Istv\u00e1n HVB p\u00f3ttag<\/p>\n\n\n\n<p>Hozman Gerg\u0151 HVB p\u00f3ttag<\/p>\n\n\n\n<ul class=\"wp-block-list\">\n<li class=\"has-medium-font-size\"><strong>el\u00e9rhet\u0151s\u00e9gei: <\/strong><\/li>\n<\/ul>\n\n\n\n<p>3353 Aldebr\u0151, Arany J\u00e1nos \u00fat 1.<\/p>\n\n\n\n<p>e-mail: igazgatas@aldebro.hu, jegyzo.kkoh@gmail.com<\/p>\n\n\n\n<p>tel.: 06-36-480-001<\/p>\n\n\n\n<ul class=\"wp-block-list\">\n<li class=\"has-medium-font-size\"><strong>\u00fcl\u00e9s\u00e9nek v\u00e1rhat\u00f3 id\u0151pontja \u00e9s r\u00e9szletes napirendje:<\/strong><\/li>\n<\/ul>\n\n\n\n<ul class=\"wp-block-list\">\n<li class=\"has-medium-font-size\"><strong>\u00fcl\u00e9s\u00e9r\u0151l k\u00e9sz\u00fclt jegyz\u0151k\u00f6nyv:<\/strong> <a href=\"http:\/\/aldebro.hu\/wp-content\/uploads\/2026\/02\/Jegyzokonyv-Aldebro-Kozseg-Helyi-Valasztasi-Bizottsag-2026.02.19.pdf\" target=\"_blank\" rel=\"noreferrer noopener\"><strong><mark style=\"background-color:rgba(0, 0, 0, 0)\" class=\"has-inline-color has-vivid-cyan-blue-color\">Aldebr\u0151 K\u00f6zs\u00e9g Helyi V\u00e1laszt\u00e1si Bizotts\u00e1g Jegyz\u0151k\u00f6nyv 2026.02.19.<\/mark><\/strong><\/a><\/li>\n<\/ul>\n\n\n\n<ul class=\"wp-block-list\">\n<li class=\"has-medium-font-size\"><strong>hat\u00e1rozatai<\/strong>:<\/li>\n<\/ul>\n","protected":false},"excerpt":{"rendered":"<p>A v\u00e1laszt\u00e1si iroda K\u00e1polnai K\u00f6z\u00f6s \u00d6nkorm\u00e1nyzati Hivatal Aldebr\u0151i Kirendelts\u00e9ge 3353 Aldebr\u0151, Arany J\u00e1nos \u00fat 1. e-mail: igazgatas@aldebro.hu, jegyzo.kkoh@gmail.com tel.: 06-36-480-001&#8230;<\/p>\n","protected":false},"author":1,"featured_media":0,"parent":0,"menu_order":0,"comment_status":"closed","ping_status":"closed","template":"","meta":{"footnotes":""},"class_list":["post-7525","page","type-page","status-publish","hentry"],"_links":{"self":[{"href":"http:\/\/aldebro.hu\/en\/wp-json\/wp\/v2\/pages\/7525","targetHints":{"allow":["GET"]}}],"collection":[{"href":"http:\/\/aldebro.hu\/en\/wp-json\/wp\/v2\/pages"}],"about":[{"href":"http:\/\/aldebro.hu\/en\/wp-json\/wp\/v2\/types\/page"}],"author":[{"embeddable":true,"href":"http:\/\/aldebro.hu\/en\/wp-json\/wp\/v2\/users\/1"}],"replies":[{"embeddable":true,"href":"http:\/\/aldebro.hu\/en\/wp-json\/wp\/v2\/comments?post=7525"}],"version-history":[{"count":38,"href":"http:\/\/aldebro.hu\/en\/wp-json\/wp\/v2\/pages\/7525\/revisions"}],"predecessor-version":[{"id":9281,"href":"http:\/\/aldebro.hu\/en\/wp-json\/wp\/v2\/pages\/7525\/revisions\/9281"}],"wp:attachment":[{"href":"http:\/\/aldebro.hu\/en\/wp-json\/wp\/v2\/media?parent=7525"}],"curies":[{"name":"wp","href":"https:\/\/api.w.org\/{rel}","templated":true}]}}