{"id":7528,"date":"2023-11-06T22:47:56","date_gmt":"2023-11-06T21:47:56","guid":{"rendered":"http:\/\/aldebro.hu\/?page_id=7528"},"modified":"2023-11-06T23:26:48","modified_gmt":"2023-11-06T22:26:48","slug":"valasztasi-ugyintezes","status":"publish","type":"page","link":"http:\/\/aldebro.hu\/en\/valasztasi-ugyintezes\/","title":{"rendered":"V\u00c1LASZT\u00c1SI \u00dcGYINT\u00c9Z\u00c9S"},"content":{"rendered":"\n<p><a href=\"https:\/\/www.valasztas.hu\/ugyintezes\"><strong><mark style=\"background-color:#f3e6e6\" class=\"has-inline-color has-vivid-cyan-blue-color\">V\u00c1LASZT\u00c1SI \u00dcGYINT\u00c9Z\u00c9S<\/mark><\/strong><\/a><\/p>\n","protected":false},"excerpt":{"rendered":"<p>V\u00c1LASZT\u00c1SI \u00dcGYINT\u00c9Z\u00c9S<\/p>\n","protected":false},"author":1,"featured_media":0,"parent":0,"menu_order":0,"comment_status":"closed","ping_status":"closed","template":"","meta":{"footnotes":""},"class_list":["post-7528","page","type-page","status-publish","hentry"],"_links":{"self":[{"href":"http:\/\/aldebro.hu\/en\/wp-json\/wp\/v2\/pages\/7528","targetHints":{"allow":["GET"]}}],"collection":[{"href":"http:\/\/aldebro.hu\/en\/wp-json\/wp\/v2\/pages"}],"about":[{"href":"http:\/\/aldebro.hu\/en\/wp-json\/wp\/v2\/types\/page"}],"author":[{"embeddable":true,"href":"http:\/\/aldebro.hu\/en\/wp-json\/wp\/v2\/users\/1"}],"replies":[{"embeddable":true,"href":"http:\/\/aldebro.hu\/en\/wp-json\/wp\/v2\/comments?post=7528"}],"version-history":[{"count":5,"href":"http:\/\/aldebro.hu\/en\/wp-json\/wp\/v2\/pages\/7528\/revisions"}],"predecessor-version":[{"id":7552,"href":"http:\/\/aldebro.hu\/en\/wp-json\/wp\/v2\/pages\/7528\/revisions\/7552"}],"wp:attachment":[{"href":"http:\/\/aldebro.hu\/en\/wp-json\/wp\/v2\/media?parent=7528"}],"curies":[{"name":"wp","href":"https:\/\/api.w.org\/{rel}","templated":true}]}}