{"id":7530,"date":"2023-11-06T22:48:42","date_gmt":"2023-11-06T21:48:42","guid":{"rendered":"http:\/\/aldebro.hu\/?page_id=7530"},"modified":"2023-11-06T22:48:43","modified_gmt":"2023-11-06T21:48:43","slug":"2024-evi-altalanos-valasztasok","status":"publish","type":"page","link":"http:\/\/aldebro.hu\/en\/2024-evi-altalanos-valasztasok\/","title":{"rendered":"2024. \u00c9VI \u00c1LTAL\u00c1NOS V\u00c1LASZT\u00c1SOK"},"content":{"rendered":"","protected":false},"excerpt":{"rendered":"","protected":false},"author":1,"featured_media":0,"parent":0,"menu_order":0,"comment_status":"closed","ping_status":"closed","template":"","meta":{"footnotes":""},"class_list":["post-7530","page","type-page","status-publish","hentry"],"_links":{"self":[{"href":"http:\/\/aldebro.hu\/en\/wp-json\/wp\/v2\/pages\/7530","targetHints":{"allow":["GET"]}}],"collection":[{"href":"http:\/\/aldebro.hu\/en\/wp-json\/wp\/v2\/pages"}],"about":[{"href":"http:\/\/aldebro.hu\/en\/wp-json\/wp\/v2\/types\/page"}],"author":[{"embeddable":true,"href":"http:\/\/aldebro.hu\/en\/wp-json\/wp\/v2\/users\/1"}],"replies":[{"embeddable":true,"href":"http:\/\/aldebro.hu\/en\/wp-json\/wp\/v2\/comments?post=7530"}],"version-history":[{"count":2,"href":"http:\/\/aldebro.hu\/en\/wp-json\/wp\/v2\/pages\/7530\/revisions"}],"predecessor-version":[{"id":8034,"href":"http:\/\/aldebro.hu\/en\/wp-json\/wp\/v2\/pages\/7530\/revisions\/8034"}],"wp:attachment":[{"href":"http:\/\/aldebro.hu\/en\/wp-json\/wp\/v2\/media?parent=7530"}],"curies":[{"name":"wp","href":"https:\/\/api.w.org\/{rel}","templated":true}]}}