{"id":7532,"date":"2023-11-06T22:49:12","date_gmt":"2023-11-06T21:49:12","guid":{"rendered":"http:\/\/aldebro.hu\/?page_id=7532"},"modified":"2023-11-06T22:49:13","modified_gmt":"2023-11-06T21:49:13","slug":"korabbi-valasztasok","status":"publish","type":"page","link":"http:\/\/aldebro.hu\/en\/korabbi-valasztasok\/","title":{"rendered":"KOR\u00c1BBI V\u00c1LASZT\u00c1SOK"},"content":{"rendered":"","protected":false},"excerpt":{"rendered":"","protected":false},"author":1,"featured_media":0,"parent":0,"menu_order":0,"comment_status":"closed","ping_status":"closed","template":"","meta":{"footnotes":""},"class_list":["post-7532","page","type-page","status-publish","hentry"],"_links":{"self":[{"href":"http:\/\/aldebro.hu\/en\/wp-json\/wp\/v2\/pages\/7532","targetHints":{"allow":["GET"]}}],"collection":[{"href":"http:\/\/aldebro.hu\/en\/wp-json\/wp\/v2\/pages"}],"about":[{"href":"http:\/\/aldebro.hu\/en\/wp-json\/wp\/v2\/types\/page"}],"author":[{"embeddable":true,"href":"http:\/\/aldebro.hu\/en\/wp-json\/wp\/v2\/users\/1"}],"replies":[{"embeddable":true,"href":"http:\/\/aldebro.hu\/en\/wp-json\/wp\/v2\/comments?post=7532"}],"version-history":[{"count":1,"href":"http:\/\/aldebro.hu\/en\/wp-json\/wp\/v2\/pages\/7532\/revisions"}],"predecessor-version":[{"id":7533,"href":"http:\/\/aldebro.hu\/en\/wp-json\/wp\/v2\/pages\/7532\/revisions\/7533"}],"wp:attachment":[{"href":"http:\/\/aldebro.hu\/en\/wp-json\/wp\/v2\/media?parent=7532"}],"curies":[{"name":"wp","href":"https:\/\/api.w.org\/{rel}","templated":true}]}}