{"id":7566,"date":"2023-11-21T13:35:40","date_gmt":"2023-11-21T12:35:40","guid":{"rendered":"http:\/\/aldebro.hu\/?page_id=7566"},"modified":"2024-02-12T09:56:40","modified_gmt":"2024-02-12T08:56:40","slug":"2022-evi-kepviselotestuleti-ulesek-nyilt-jegyzokonyvei-2","status":"publish","type":"page","link":"http:\/\/aldebro.hu\/en\/2022-evi-kepviselotestuleti-ulesek-nyilt-jegyzokonyvei-2\/","title":{"rendered":"2023. \u00e9vi K\u00e9pvisel\u0151test\u00fcleti \u00fcl\u00e9sek ny\u00edlt jegyz\u0151k\u00f6nyvei"},"content":{"rendered":"\n<p><strong>Aldebr\u0151 k\u00f6zs\u00e9g K\u00e9pvisel\u0151test\u00fclet\u00e9nek 2023. \u00e9vben megtartott ny\u00edlt \u00fcl\u00e9sei<\/strong>:<\/p>\n\n\n\n<p><a href=\"http:\/\/aldebro.hu\/wp-content\/uploads\/2023\/11\/2023.-januar-31.-nyilvanos-ules.pdf\">2023. janu\u00e1r 31.<\/a><\/p>\n\n\n\n<p><a href=\"http:\/\/aldebro.hu\/wp-content\/uploads\/2023\/11\/2023.-februar-21.-nyilvanos-ules.pdf\">2023. febru\u00e1r 21.<\/a><\/p>\n\n\n\n<p><a href=\"http:\/\/aldebro.hu\/wp-content\/uploads\/2023\/11\/2023.-februar-28.-nyilvanos-ules.pdf\">2023. febru\u00e1r 28.<\/a><\/p>\n\n\n\n<p><a href=\"http:\/\/aldebro.hu\/wp-content\/uploads\/2023\/11\/2023.-marcius-13.-nyilvanos-ules.pdf\">2023. m\u00e1rcius 13.<\/a><\/p>\n\n\n\n<p><a href=\"http:\/\/aldebro.hu\/wp-content\/uploads\/2023\/11\/2023.-marcius-28.-nyilvanos-ules.pdf\">2023. m\u00e1rcius 28.<\/a><\/p>\n\n\n\n<p><a href=\"http:\/\/aldebro.hu\/wp-content\/uploads\/2023\/11\/2023.-aprilis-19.-nyilvanos-ules.pdf\">2023. \u00e1prilis 19.<\/a><\/p>\n\n\n\n<p><a href=\"http:\/\/aldebro.hu\/wp-content\/uploads\/2023\/11\/2023.-majus-09.-nyilvanos-ules.pdf\">2023. m\u00e1jus 09.<\/a><\/p>\n\n\n\n<p><a href=\"http:\/\/aldebro.hu\/wp-content\/uploads\/2023\/11\/2023.-junius-06.-nyilvanos-ules.pdf\">2023. j\u00fanius 06.<\/a><\/p>\n\n\n\n<p><a href=\"http:\/\/aldebro.hu\/wp-content\/uploads\/2023\/11\/2023.-junius-07.-nyilvanos-ules.pdf\">2023. j\u00fanius 07.<\/a><\/p>\n\n\n\n<p><a href=\"http:\/\/aldebro.hu\/wp-content\/uploads\/2023\/11\/2023.-junius-21.-nyilvanos-ules.pdf\">2023. j\u00fanius 21.<\/a><\/p>\n\n\n\n<p><a href=\"http:\/\/aldebro.hu\/wp-content\/uploads\/2023\/11\/2023.-augusztus-02.-nyilvanos-ules.pdf\">2023. augusztus 02.<\/a><\/p>\n\n\n\n<p><a href=\"http:\/\/aldebro.hu\/wp-content\/uploads\/2023\/11\/2023.-aprilis-19.-kozos-testuleti-ules.pdf\">2023. \u00e1prilis 19. k\u00f6z\u00f6s test\u00fcleti \u00fcl\u00e9s<\/a><\/p>\n\n\n\n<p><a href=\"http:\/\/aldebro.hu\/wp-content\/uploads\/2023\/11\/2023.-junius-21.-egyuttes-Aldebro-Kapolna-Tofalu.pdf\">2023. j\u00fanius 21. egy\u00fcttes Aldebr\u0151, K\u00e1polna, T\u00f3falu<\/a><\/p>\n\n\n\n<p><a href=\"http:\/\/aldebro.hu\/wp-content\/uploads\/2024\/02\/2023.-augusztus-24.-nyilvanos-jkv.pdf\">2023. augusztus 24. <\/a><\/p>\n\n\n\n<p><a href=\"http:\/\/aldebro.hu\/wp-content\/uploads\/2024\/02\/2023.-szeptember-05.-nyilvanos-jkv.pdf\">2023. szeptember 05.<\/a><\/p>\n\n\n\n<p><a href=\"http:\/\/aldebro.hu\/wp-content\/uploads\/2024\/02\/2023.-szeptember-19.-nyilvanos-jkv.pdf\">2023. szeptember 19.<\/a><\/p>\n\n\n\n<p><a href=\"http:\/\/aldebro.hu\/wp-content\/uploads\/2024\/02\/2023.-oktober-24.-nyilvanos-jkv.pdf\">2023. okt\u00f3ber 24.<\/a><\/p>\n\n\n\n<p><a href=\"http:\/\/aldebro.hu\/wp-content\/uploads\/2024\/02\/2023.-novembrer-06.-Kozmeghallgatas-jkv.pdf\">2023. november 06. k\u00f6zmeghallgat\u00e1s<\/a><\/p>\n\n\n\n<p><a href=\"http:\/\/aldebro.hu\/wp-content\/uploads\/2024\/02\/2023.-november-21.-nyilvanos-jkv.pdf\">2023. november 21.<\/a><\/p>\n\n\n\n<p><a href=\"http:\/\/aldebro.hu\/wp-content\/uploads\/2024\/02\/2023.-december-05.-nyilvanos-jkv.pdf\">2023. december 05.<\/a><\/p>\n\n\n\n<p><a href=\"http:\/\/aldebro.hu\/wp-content\/uploads\/2024\/02\/2023.-december-12.-nyilvanos-jkv.pdf\">2023. december 12.<\/a><\/p>\n\n\n\n<p><\/p>\n\n\n\n<p><\/p>\n\n\n\n<p><\/p>\n\n\n\n<p><\/p>\n","protected":false},"excerpt":{"rendered":"<p>Aldebr\u0151 k\u00f6zs\u00e9g K\u00e9pvisel\u0151test\u00fclet\u00e9nek 2023. \u00e9vben megtartott ny\u00edlt \u00fcl\u00e9sei: 2023. janu\u00e1r 31. 2023. febru\u00e1r 21. 2023. febru\u00e1r 28. 2023. m\u00e1rcius 13&#8230;.<\/p>\n","protected":false},"author":1,"featured_media":0,"parent":0,"menu_order":0,"comment_status":"closed","ping_status":"closed","template":"","meta":{"footnotes":""},"class_list":["post-7566","page","type-page","status-publish","hentry"],"_links":{"self":[{"href":"http:\/\/aldebro.hu\/en\/wp-json\/wp\/v2\/pages\/7566","targetHints":{"allow":["GET"]}}],"collection":[{"href":"http:\/\/aldebro.hu\/en\/wp-json\/wp\/v2\/pages"}],"about":[{"href":"http:\/\/aldebro.hu\/en\/wp-json\/wp\/v2\/types\/page"}],"author":[{"embeddable":true,"href":"http:\/\/aldebro.hu\/en\/wp-json\/wp\/v2\/users\/1"}],"replies":[{"embeddable":true,"href":"http:\/\/aldebro.hu\/en\/wp-json\/wp\/v2\/comments?post=7566"}],"version-history":[{"count":11,"href":"http:\/\/aldebro.hu\/en\/wp-json\/wp\/v2\/pages\/7566\/revisions"}],"predecessor-version":[{"id":7911,"href":"http:\/\/aldebro.hu\/en\/wp-json\/wp\/v2\/pages\/7566\/revisions\/7911"}],"wp:attachment":[{"href":"http:\/\/aldebro.hu\/en\/wp-json\/wp\/v2\/media?parent=7566"}],"curies":[{"name":"wp","href":"https:\/\/api.w.org\/{rel}","templated":true}]}}