{"id":7615,"date":"2023-12-04T14:18:35","date_gmt":"2023-12-04T13:18:35","guid":{"rendered":"http:\/\/aldebro.hu\/?page_id=7615"},"modified":"2023-12-04T14:18:36","modified_gmt":"2023-12-04T13:18:36","slug":"a-helyi-valasztasi-bizottsag-tagjai","status":"publish","type":"page","link":"http:\/\/aldebro.hu\/en\/a-helyi-valasztasi-bizottsag-tagjai\/","title":{"rendered":"A helyi v\u00e1laszt\u00e1si bizotts\u00e1g tagjai"},"content":{"rendered":"\n<figure class=\"wp-block-gallery has-nested-images columns-default is-cropped wp-block-gallery-1 is-layout-flex wp-block-gallery-is-layout-flex\">\n<figure class=\"wp-block-image size-large\"><img loading=\"lazy\" decoding=\"async\" width=\"724\" height=\"1024\" data-id=\"7616\" src=\"http:\/\/aldebro.hu\/wp-content\/uploads\/2023\/12\/Helyi-valasztasi-bizottsag-tagjai-1-724x1024.jpg\" alt=\"\" class=\"wp-image-7616\" srcset=\"http:\/\/aldebro.hu\/wp-content\/uploads\/2023\/12\/Helyi-valasztasi-bizottsag-tagjai-1-724x1024.jpg 724w, http:\/\/aldebro.hu\/wp-content\/uploads\/2023\/12\/Helyi-valasztasi-bizottsag-tagjai-1-212x300.jpg 212w, http:\/\/aldebro.hu\/wp-content\/uploads\/2023\/12\/Helyi-valasztasi-bizottsag-tagjai-1-768x1086.jpg 768w, http:\/\/aldebro.hu\/wp-content\/uploads\/2023\/12\/Helyi-valasztasi-bizottsag-tagjai-1-1086x1536.jpg 1086w, http:\/\/aldebro.hu\/wp-content\/uploads\/2023\/12\/Helyi-valasztasi-bizottsag-tagjai-1-739x1045.jpg 739w, http:\/\/aldebro.hu\/wp-content\/uploads\/2023\/12\/Helyi-valasztasi-bizottsag-tagjai-1.jpg 1240w\" sizes=\"auto, (max-width: 724px) 100vw, 724px\" \/><\/figure>\n<\/figure>\n","protected":false},"excerpt":{"rendered":"","protected":false},"author":1,"featured_media":0,"parent":0,"menu_order":0,"comment_status":"closed","ping_status":"closed","template":"","meta":{"footnotes":""},"class_list":["post-7615","page","type-page","status-publish","hentry"],"_links":{"self":[{"href":"http:\/\/aldebro.hu\/en\/wp-json\/wp\/v2\/pages\/7615","targetHints":{"allow":["GET"]}}],"collection":[{"href":"http:\/\/aldebro.hu\/en\/wp-json\/wp\/v2\/pages"}],"about":[{"href":"http:\/\/aldebro.hu\/en\/wp-json\/wp\/v2\/types\/page"}],"author":[{"embeddable":true,"href":"http:\/\/aldebro.hu\/en\/wp-json\/wp\/v2\/users\/1"}],"replies":[{"embeddable":true,"href":"http:\/\/aldebro.hu\/en\/wp-json\/wp\/v2\/comments?post=7615"}],"version-history":[{"count":1,"href":"http:\/\/aldebro.hu\/en\/wp-json\/wp\/v2\/pages\/7615\/revisions"}],"predecessor-version":[{"id":7617,"href":"http:\/\/aldebro.hu\/en\/wp-json\/wp\/v2\/pages\/7615\/revisions\/7617"}],"wp:attachment":[{"href":"http:\/\/aldebro.hu\/en\/wp-json\/wp\/v2\/media?parent=7615"}],"curies":[{"name":"wp","href":"https:\/\/api.w.org\/{rel}","templated":true}]}}