{"id":7618,"date":"2023-12-04T14:21:52","date_gmt":"2023-12-04T13:21:52","guid":{"rendered":"http:\/\/aldebro.hu\/?page_id=7618"},"modified":"2023-12-04T14:21:53","modified_gmt":"2023-12-04T13:21:53","slug":"1-2023-x-18-szamu-hatarozat-a-megvalasztando-telepulesi-onkormanyzati-kepviselok-szamarol","status":"publish","type":"page","link":"http:\/\/aldebro.hu\/en\/1-2023-x-18-szamu-hatarozat-a-megvalasztando-telepulesi-onkormanyzati-kepviselok-szamarol\/","title":{"rendered":"1\/2023. (X.18.) sz\u00e1m\u00fa hat\u00e1rozat a megv\u00e1lasztand\u00f3 telep\u00fcl\u00e9si \u00f6nkorm\u00e1nyzati k\u00e9pvisel\u0151k sz\u00e1m\u00e1r\u00f3l"},"content":{"rendered":"\n<figure class=\"wp-block-gallery has-nested-images columns-default is-cropped wp-block-gallery-1 is-layout-flex wp-block-gallery-is-layout-flex\">\n<figure class=\"wp-block-image size-large\"><img loading=\"lazy\" decoding=\"async\" width=\"729\" height=\"1024\" data-id=\"7619\" src=\"http:\/\/aldebro.hu\/wp-content\/uploads\/2023\/12\/Kepviselok-szama-hatarozat-Aldebro-0001-2-729x1024.jpg\" alt=\"\" class=\"wp-image-7619\" srcset=\"http:\/\/aldebro.hu\/wp-content\/uploads\/2023\/12\/Kepviselok-szama-hatarozat-Aldebro-0001-2-729x1024.jpg 729w, http:\/\/aldebro.hu\/wp-content\/uploads\/2023\/12\/Kepviselok-szama-hatarozat-Aldebro-0001-2-213x300.jpg 213w, http:\/\/aldebro.hu\/wp-content\/uploads\/2023\/12\/Kepviselok-szama-hatarozat-Aldebro-0001-2-768x1079.jpg 768w, http:\/\/aldebro.hu\/wp-content\/uploads\/2023\/12\/Kepviselok-szama-hatarozat-Aldebro-0001-2-1093x1536.jpg 1093w, http:\/\/aldebro.hu\/wp-content\/uploads\/2023\/12\/Kepviselok-szama-hatarozat-Aldebro-0001-2-739x1039.jpg 739w, http:\/\/aldebro.hu\/wp-content\/uploads\/2023\/12\/Kepviselok-szama-hatarozat-Aldebro-0001-2.jpg 1248w\" sizes=\"auto, (max-width: 729px) 100vw, 729px\" \/><\/figure>\n<\/figure>\n\n\n\n<figure class=\"wp-block-gallery has-nested-images columns-default is-cropped wp-block-gallery-2 is-layout-flex wp-block-gallery-is-layout-flex\">\n<figure class=\"wp-block-image size-large\"><img loading=\"lazy\" decoding=\"async\" width=\"729\" height=\"1024\" data-id=\"7620\" src=\"http:\/\/aldebro.hu\/wp-content\/uploads\/2023\/12\/Kepviselok-szama-hatarozat-Aldebro-0002-2-729x1024.jpg\" alt=\"\" class=\"wp-image-7620\" srcset=\"http:\/\/aldebro.hu\/wp-content\/uploads\/2023\/12\/Kepviselok-szama-hatarozat-Aldebro-0002-2-729x1024.jpg 729w, http:\/\/aldebro.hu\/wp-content\/uploads\/2023\/12\/Kepviselok-szama-hatarozat-Aldebro-0002-2-213x300.jpg 213w, http:\/\/aldebro.hu\/wp-content\/uploads\/2023\/12\/Kepviselok-szama-hatarozat-Aldebro-0002-2-768x1079.jpg 768w, http:\/\/aldebro.hu\/wp-content\/uploads\/2023\/12\/Kepviselok-szama-hatarozat-Aldebro-0002-2-1093x1536.jpg 1093w, http:\/\/aldebro.hu\/wp-content\/uploads\/2023\/12\/Kepviselok-szama-hatarozat-Aldebro-0002-2-739x1039.jpg 739w, http:\/\/aldebro.hu\/wp-content\/uploads\/2023\/12\/Kepviselok-szama-hatarozat-Aldebro-0002-2.jpg 1248w\" sizes=\"auto, (max-width: 729px) 100vw, 729px\" \/><\/figure>\n<\/figure>\n","protected":false},"excerpt":{"rendered":"","protected":false},"author":1,"featured_media":0,"parent":0,"menu_order":0,"comment_status":"closed","ping_status":"closed","template":"","meta":{"footnotes":""},"class_list":["post-7618","page","type-page","status-publish","hentry"],"_links":{"self":[{"href":"http:\/\/aldebro.hu\/en\/wp-json\/wp\/v2\/pages\/7618","targetHints":{"allow":["GET"]}}],"collection":[{"href":"http:\/\/aldebro.hu\/en\/wp-json\/wp\/v2\/pages"}],"about":[{"href":"http:\/\/aldebro.hu\/en\/wp-json\/wp\/v2\/types\/page"}],"author":[{"embeddable":true,"href":"http:\/\/aldebro.hu\/en\/wp-json\/wp\/v2\/users\/1"}],"replies":[{"embeddable":true,"href":"http:\/\/aldebro.hu\/en\/wp-json\/wp\/v2\/comments?post=7618"}],"version-history":[{"count":1,"href":"http:\/\/aldebro.hu\/en\/wp-json\/wp\/v2\/pages\/7618\/revisions"}],"predecessor-version":[{"id":7621,"href":"http:\/\/aldebro.hu\/en\/wp-json\/wp\/v2\/pages\/7618\/revisions\/7621"}],"wp:attachment":[{"href":"http:\/\/aldebro.hu\/en\/wp-json\/wp\/v2\/media?parent=7618"}],"curies":[{"name":"wp","href":"https:\/\/api.w.org\/{rel}","templated":true}]}}