{"id":7650,"date":"2023-12-04T22:38:56","date_gmt":"2023-12-04T21:38:56","guid":{"rendered":"http:\/\/aldebro.hu\/?page_id=7650"},"modified":"2023-12-04T22:38:56","modified_gmt":"2023-12-04T21:38:56","slug":"valasztasi-informciok","status":"publish","type":"page","link":"http:\/\/aldebro.hu\/en\/valasztasi-informciok\/","title":{"rendered":"v\u00e1laszt\u00e1si informci\u00f3k"},"content":{"rendered":"","protected":false},"excerpt":{"rendered":"","protected":false},"author":1,"featured_media":0,"parent":0,"menu_order":0,"comment_status":"closed","ping_status":"closed","template":"","meta":{"footnotes":""},"class_list":["post-7650","page","type-page","status-publish","hentry"],"_links":{"self":[{"href":"http:\/\/aldebro.hu\/en\/wp-json\/wp\/v2\/pages\/7650","targetHints":{"allow":["GET"]}}],"collection":[{"href":"http:\/\/aldebro.hu\/en\/wp-json\/wp\/v2\/pages"}],"about":[{"href":"http:\/\/aldebro.hu\/en\/wp-json\/wp\/v2\/types\/page"}],"author":[{"embeddable":true,"href":"http:\/\/aldebro.hu\/en\/wp-json\/wp\/v2\/users\/1"}],"replies":[{"embeddable":true,"href":"http:\/\/aldebro.hu\/en\/wp-json\/wp\/v2\/comments?post=7650"}],"version-history":[{"count":1,"href":"http:\/\/aldebro.hu\/en\/wp-json\/wp\/v2\/pages\/7650\/revisions"}],"predecessor-version":[{"id":7655,"href":"http:\/\/aldebro.hu\/en\/wp-json\/wp\/v2\/pages\/7650\/revisions\/7655"}],"wp:attachment":[{"href":"http:\/\/aldebro.hu\/en\/wp-json\/wp\/v2\/media?parent=7650"}],"curies":[{"name":"wp","href":"https:\/\/api.w.org\/{rel}","templated":true}]}}