{"id":7684,"date":"2023-12-04T23:26:22","date_gmt":"2023-12-04T22:26:22","guid":{"rendered":"http:\/\/aldebro.hu\/?page_id=7684"},"modified":"2023-12-04T23:26:22","modified_gmt":"2023-12-04T22:26:22","slug":"epiteszeti-ertekek","status":"publish","type":"page","link":"http:\/\/aldebro.hu\/en\/epiteszeti-ertekek\/","title":{"rendered":"\u00c9p\u00edt\u00e9szeti \u00e9rt\u00e9kek"},"content":{"rendered":"","protected":false},"excerpt":{"rendered":"","protected":false},"author":1,"featured_media":0,"parent":0,"menu_order":0,"comment_status":"closed","ping_status":"closed","template":"","meta":{"footnotes":""},"class_list":["post-7684","page","type-page","status-publish","hentry"],"_links":{"self":[{"href":"http:\/\/aldebro.hu\/en\/wp-json\/wp\/v2\/pages\/7684","targetHints":{"allow":["GET"]}}],"collection":[{"href":"http:\/\/aldebro.hu\/en\/wp-json\/wp\/v2\/pages"}],"about":[{"href":"http:\/\/aldebro.hu\/en\/wp-json\/wp\/v2\/types\/page"}],"author":[{"embeddable":true,"href":"http:\/\/aldebro.hu\/en\/wp-json\/wp\/v2\/users\/1"}],"replies":[{"embeddable":true,"href":"http:\/\/aldebro.hu\/en\/wp-json\/wp\/v2\/comments?post=7684"}],"version-history":[{"count":1,"href":"http:\/\/aldebro.hu\/en\/wp-json\/wp\/v2\/pages\/7684\/revisions"}],"predecessor-version":[{"id":7686,"href":"http:\/\/aldebro.hu\/en\/wp-json\/wp\/v2\/pages\/7684\/revisions\/7686"}],"wp:attachment":[{"href":"http:\/\/aldebro.hu\/en\/wp-json\/wp\/v2\/media?parent=7684"}],"curies":[{"name":"wp","href":"https:\/\/api.w.org\/{rel}","templated":true}]}}