{"id":7723,"date":"2023-12-05T00:33:54","date_gmt":"2023-12-04T23:33:54","guid":{"rendered":"http:\/\/aldebro.hu\/?page_id=7723"},"modified":"2023-12-05T00:33:54","modified_gmt":"2023-12-04T23:33:54","slug":"rendezvenyter-fejlesztese-aldebron","status":"publish","type":"page","link":"http:\/\/aldebro.hu\/en\/rendezvenyter-fejlesztese-aldebron\/","title":{"rendered":"Rendezv\u00e9nyt\u00e9r fejleszt\u00e9se Aldebr\u0151n"},"content":{"rendered":"","protected":false},"excerpt":{"rendered":"","protected":false},"author":1,"featured_media":0,"parent":0,"menu_order":0,"comment_status":"closed","ping_status":"closed","template":"","meta":{"footnotes":""},"class_list":["post-7723","page","type-page","status-publish","hentry"],"_links":{"self":[{"href":"http:\/\/aldebro.hu\/en\/wp-json\/wp\/v2\/pages\/7723","targetHints":{"allow":["GET"]}}],"collection":[{"href":"http:\/\/aldebro.hu\/en\/wp-json\/wp\/v2\/pages"}],"about":[{"href":"http:\/\/aldebro.hu\/en\/wp-json\/wp\/v2\/types\/page"}],"author":[{"embeddable":true,"href":"http:\/\/aldebro.hu\/en\/wp-json\/wp\/v2\/users\/1"}],"replies":[{"embeddable":true,"href":"http:\/\/aldebro.hu\/en\/wp-json\/wp\/v2\/comments?post=7723"}],"version-history":[{"count":1,"href":"http:\/\/aldebro.hu\/en\/wp-json\/wp\/v2\/pages\/7723\/revisions"}],"predecessor-version":[{"id":7725,"href":"http:\/\/aldebro.hu\/en\/wp-json\/wp\/v2\/pages\/7723\/revisions\/7725"}],"wp:attachment":[{"href":"http:\/\/aldebro.hu\/en\/wp-json\/wp\/v2\/media?parent=7723"}],"curies":[{"name":"wp","href":"https:\/\/api.w.org\/{rel}","templated":true}]}}