{"id":7779,"date":"2023-12-05T02:16:34","date_gmt":"2023-12-05T01:16:34","guid":{"rendered":"http:\/\/aldebro.hu\/?page_id=7779"},"modified":"2023-12-05T02:16:34","modified_gmt":"2023-12-05T01:16:34","slug":"nemet-nemzetisegert","status":"publish","type":"page","link":"http:\/\/aldebro.hu\/en\/nemet-nemzetisegert\/","title":{"rendered":"N\u00e9met Nemzetis\u00e9g\u00e9rt"},"content":{"rendered":"","protected":false},"excerpt":{"rendered":"","protected":false},"author":1,"featured_media":0,"parent":0,"menu_order":0,"comment_status":"closed","ping_status":"closed","template":"","meta":{"footnotes":""},"class_list":["post-7779","page","type-page","status-publish","hentry"],"_links":{"self":[{"href":"http:\/\/aldebro.hu\/en\/wp-json\/wp\/v2\/pages\/7779","targetHints":{"allow":["GET"]}}],"collection":[{"href":"http:\/\/aldebro.hu\/en\/wp-json\/wp\/v2\/pages"}],"about":[{"href":"http:\/\/aldebro.hu\/en\/wp-json\/wp\/v2\/types\/page"}],"author":[{"embeddable":true,"href":"http:\/\/aldebro.hu\/en\/wp-json\/wp\/v2\/users\/1"}],"replies":[{"embeddable":true,"href":"http:\/\/aldebro.hu\/en\/wp-json\/wp\/v2\/comments?post=7779"}],"version-history":[{"count":1,"href":"http:\/\/aldebro.hu\/en\/wp-json\/wp\/v2\/pages\/7779\/revisions"}],"predecessor-version":[{"id":7781,"href":"http:\/\/aldebro.hu\/en\/wp-json\/wp\/v2\/pages\/7779\/revisions\/7781"}],"wp:attachment":[{"href":"http:\/\/aldebro.hu\/en\/wp-json\/wp\/v2\/media?parent=7779"}],"curies":[{"name":"wp","href":"https:\/\/api.w.org\/{rel}","templated":true}]}}