{"id":8035,"date":"2024-04-04T14:29:16","date_gmt":"2024-04-04T13:29:16","guid":{"rendered":"http:\/\/aldebro.hu\/?page_id=8035"},"modified":"2024-04-04T14:29:17","modified_gmt":"2024-04-04T13:29:17","slug":"1-2024-iv-4-szamu-kozlemeny-jeloltallitashoz-aldebro-telepulesen","status":"publish","type":"page","link":"http:\/\/aldebro.hu\/en\/1-2024-iv-4-szamu-kozlemeny-jeloltallitashoz-aldebro-telepulesen\/","title":{"rendered":"1\/2024. (IV.4.) sz\u00e1m\u00fa k\u00f6zlem\u00e9ny jel\u00f6lt\u00e1ll\u00edt\u00e1shoz Aldebr\u0151 telep\u00fcl\u00e9sen"},"content":{"rendered":"\n<figure class=\"wp-block-image size-large\"><img loading=\"lazy\" decoding=\"async\" width=\"724\" height=\"1024\" src=\"http:\/\/aldebro.hu\/wp-content\/uploads\/2024\/04\/Kozlemeny-jeloltallitashoz-Aldebro-001-724x1024.jpg\" alt=\"\" class=\"wp-image-8036\" srcset=\"http:\/\/aldebro.hu\/wp-content\/uploads\/2024\/04\/Kozlemeny-jeloltallitashoz-Aldebro-001-724x1024.jpg 724w, http:\/\/aldebro.hu\/wp-content\/uploads\/2024\/04\/Kozlemeny-jeloltallitashoz-Aldebro-001-212x300.jpg 212w, http:\/\/aldebro.hu\/wp-content\/uploads\/2024\/04\/Kozlemeny-jeloltallitashoz-Aldebro-001-768x1086.jpg 768w, http:\/\/aldebro.hu\/wp-content\/uploads\/2024\/04\/Kozlemeny-jeloltallitashoz-Aldebro-001-1086x1536.jpg 1086w, http:\/\/aldebro.hu\/wp-content\/uploads\/2024\/04\/Kozlemeny-jeloltallitashoz-Aldebro-001-739x1045.jpg 739w, http:\/\/aldebro.hu\/wp-content\/uploads\/2024\/04\/Kozlemeny-jeloltallitashoz-Aldebro-001.jpg 1240w\" sizes=\"auto, (max-width: 724px) 100vw, 724px\" \/><\/figure>\n\n\n\n<figure class=\"wp-block-image size-large\"><img loading=\"lazy\" decoding=\"async\" width=\"724\" height=\"1024\" src=\"http:\/\/aldebro.hu\/wp-content\/uploads\/2024\/04\/Kozlemeny-jeloltallitashoz-Aldebro-002-724x1024.jpg\" alt=\"\" class=\"wp-image-8037\" srcset=\"http:\/\/aldebro.hu\/wp-content\/uploads\/2024\/04\/Kozlemeny-jeloltallitashoz-Aldebro-002-724x1024.jpg 724w, http:\/\/aldebro.hu\/wp-content\/uploads\/2024\/04\/Kozlemeny-jeloltallitashoz-Aldebro-002-212x300.jpg 212w, http:\/\/aldebro.hu\/wp-content\/uploads\/2024\/04\/Kozlemeny-jeloltallitashoz-Aldebro-002-768x1086.jpg 768w, http:\/\/aldebro.hu\/wp-content\/uploads\/2024\/04\/Kozlemeny-jeloltallitashoz-Aldebro-002-1086x1536.jpg 1086w, http:\/\/aldebro.hu\/wp-content\/uploads\/2024\/04\/Kozlemeny-jeloltallitashoz-Aldebro-002-739x1045.jpg 739w, http:\/\/aldebro.hu\/wp-content\/uploads\/2024\/04\/Kozlemeny-jeloltallitashoz-Aldebro-002.jpg 1240w\" sizes=\"auto, (max-width: 724px) 100vw, 724px\" \/><\/figure>\n","protected":false},"excerpt":{"rendered":"","protected":false},"author":1,"featured_media":0,"parent":0,"menu_order":0,"comment_status":"closed","ping_status":"closed","template":"","meta":{"footnotes":""},"class_list":["post-8035","page","type-page","status-publish","hentry"],"_links":{"self":[{"href":"http:\/\/aldebro.hu\/en\/wp-json\/wp\/v2\/pages\/8035","targetHints":{"allow":["GET"]}}],"collection":[{"href":"http:\/\/aldebro.hu\/en\/wp-json\/wp\/v2\/pages"}],"about":[{"href":"http:\/\/aldebro.hu\/en\/wp-json\/wp\/v2\/types\/page"}],"author":[{"embeddable":true,"href":"http:\/\/aldebro.hu\/en\/wp-json\/wp\/v2\/users\/1"}],"replies":[{"embeddable":true,"href":"http:\/\/aldebro.hu\/en\/wp-json\/wp\/v2\/comments?post=8035"}],"version-history":[{"count":1,"href":"http:\/\/aldebro.hu\/en\/wp-json\/wp\/v2\/pages\/8035\/revisions"}],"predecessor-version":[{"id":8038,"href":"http:\/\/aldebro.hu\/en\/wp-json\/wp\/v2\/pages\/8035\/revisions\/8038"}],"wp:attachment":[{"href":"http:\/\/aldebro.hu\/en\/wp-json\/wp\/v2\/media?parent=8035"}],"curies":[{"name":"wp","href":"https:\/\/api.w.org\/{rel}","templated":true}]}}