{"id":8325,"date":"2024-06-27T14:11:30","date_gmt":"2024-06-27T13:11:30","guid":{"rendered":"http:\/\/aldebro.hu\/?page_id=8325"},"modified":"2024-06-27T14:51:13","modified_gmt":"2024-06-27T13:51:13","slug":"kulteruleti-helyi-kozutak-fejlesztese","status":"publish","type":"page","link":"http:\/\/aldebro.hu\/en\/kulteruleti-helyi-kozutak-fejlesztese\/","title":{"rendered":"VP6-7.2.1.1-21 K\u00fclter\u00fcleti helyi k\u00f6zutak fejleszt\u00e9se"},"content":{"rendered":"\n<figure class=\"wp-block-image size-large\"><img loading=\"lazy\" decoding=\"async\" width=\"724\" height=\"1024\" src=\"http:\/\/aldebro.hu\/wp-content\/uploads\/2024\/06\/Kulteruleti-helyi-kozutak-fejlesztese-1-724x1024.jpg\" alt=\"\" class=\"wp-image-8328\" srcset=\"http:\/\/aldebro.hu\/wp-content\/uploads\/2024\/06\/Kulteruleti-helyi-kozutak-fejlesztese-1-724x1024.jpg 724w, http:\/\/aldebro.hu\/wp-content\/uploads\/2024\/06\/Kulteruleti-helyi-kozutak-fejlesztese-1-212x300.jpg 212w, http:\/\/aldebro.hu\/wp-content\/uploads\/2024\/06\/Kulteruleti-helyi-kozutak-fejlesztese-1-768x1086.jpg 768w, http:\/\/aldebro.hu\/wp-content\/uploads\/2024\/06\/Kulteruleti-helyi-kozutak-fejlesztese-1-1086x1536.jpg 1086w, http:\/\/aldebro.hu\/wp-content\/uploads\/2024\/06\/Kulteruleti-helyi-kozutak-fejlesztese-1-739x1045.jpg 739w, http:\/\/aldebro.hu\/wp-content\/uploads\/2024\/06\/Kulteruleti-helyi-kozutak-fejlesztese-1.jpg 1240w\" sizes=\"auto, (max-width: 724px) 100vw, 724px\" \/><\/figure>\n\n\n\n<figure class=\"wp-block-image size-large\"><img loading=\"lazy\" decoding=\"async\" width=\"1024\" height=\"724\" src=\"http:\/\/aldebro.hu\/wp-content\/uploads\/2024\/06\/VP6-7.2.1.1-21-Videkfejlesztesi-program-kulteruleti-helyi-kozutak-fejlesztese-1024x724.jpg\" alt=\"\" class=\"wp-image-8323\" srcset=\"http:\/\/aldebro.hu\/wp-content\/uploads\/2024\/06\/VP6-7.2.1.1-21-Videkfejlesztesi-program-kulteruleti-helyi-kozutak-fejlesztese-1024x724.jpg 1024w, http:\/\/aldebro.hu\/wp-content\/uploads\/2024\/06\/VP6-7.2.1.1-21-Videkfejlesztesi-program-kulteruleti-helyi-kozutak-fejlesztese-300x212.jpg 300w, http:\/\/aldebro.hu\/wp-content\/uploads\/2024\/06\/VP6-7.2.1.1-21-Videkfejlesztesi-program-kulteruleti-helyi-kozutak-fejlesztese-768x543.jpg 768w, http:\/\/aldebro.hu\/wp-content\/uploads\/2024\/06\/VP6-7.2.1.1-21-Videkfejlesztesi-program-kulteruleti-helyi-kozutak-fejlesztese-1536x1086.jpg 1536w, http:\/\/aldebro.hu\/wp-content\/uploads\/2024\/06\/VP6-7.2.1.1-21-Videkfejlesztesi-program-kulteruleti-helyi-kozutak-fejlesztese-2048x1448.jpg 2048w, http:\/\/aldebro.hu\/wp-content\/uploads\/2024\/06\/VP6-7.2.1.1-21-Videkfejlesztesi-program-kulteruleti-helyi-kozutak-fejlesztese-739x523.jpg 739w\" sizes=\"auto, (max-width: 1024px) 100vw, 1024px\" \/><\/figure>\n\n\n\n<figure class=\"wp-block-image\"><img loading=\"lazy\" decoding=\"async\" width=\"1240\" height=\"1654\" src=\"http:\/\/aldebro.hu\/wp-content\/uploads\/2024\/06\/fotodok_vp_aldebro-008.jpg\" alt=\"\" class=\"wp-image-8321\" srcset=\"http:\/\/aldebro.hu\/wp-content\/uploads\/2024\/06\/fotodok_vp_aldebro-008.jpg 1240w, http:\/\/aldebro.hu\/wp-content\/uploads\/2024\/06\/fotodok_vp_aldebro-008-225x300.jpg 225w, http:\/\/aldebro.hu\/wp-content\/uploads\/2024\/06\/fotodok_vp_aldebro-008-768x1024.jpg 768w, http:\/\/aldebro.hu\/wp-content\/uploads\/2024\/06\/fotodok_vp_aldebro-008-1152x1536.jpg 1152w, http:\/\/aldebro.hu\/wp-content\/uploads\/2024\/06\/fotodok_vp_aldebro-008-739x986.jpg 739w\" sizes=\"auto, (max-width: 1240px) 100vw, 1240px\" \/><\/figure>\n\n\n\n<figure class=\"wp-block-image size-large\"><img loading=\"lazy\" decoding=\"async\" width=\"768\" height=\"1024\" src=\"http:\/\/aldebro.hu\/wp-content\/uploads\/2024\/06\/fotodok_vp_aldebro-009-768x1024.jpg\" alt=\"\" class=\"wp-image-8322\" srcset=\"http:\/\/aldebro.hu\/wp-content\/uploads\/2024\/06\/fotodok_vp_aldebro-009-768x1024.jpg 768w, http:\/\/aldebro.hu\/wp-content\/uploads\/2024\/06\/fotodok_vp_aldebro-009-225x300.jpg 225w, http:\/\/aldebro.hu\/wp-content\/uploads\/2024\/06\/fotodok_vp_aldebro-009-1152x1536.jpg 1152w, http:\/\/aldebro.hu\/wp-content\/uploads\/2024\/06\/fotodok_vp_aldebro-009-739x986.jpg 739w, http:\/\/aldebro.hu\/wp-content\/uploads\/2024\/06\/fotodok_vp_aldebro-009.jpg 1240w\" sizes=\"auto, (max-width: 768px) 100vw, 768px\" \/><\/figure>\n\n\n\n<figure class=\"wp-block-image\"><img loading=\"lazy\" decoding=\"async\" width=\"1240\" height=\"1654\" src=\"http:\/\/aldebro.hu\/wp-content\/uploads\/2024\/06\/fotodok_vp_aldebro-006.jpg\" alt=\"\" class=\"wp-image-8319\" srcset=\"http:\/\/aldebro.hu\/wp-content\/uploads\/2024\/06\/fotodok_vp_aldebro-006.jpg 1240w, http:\/\/aldebro.hu\/wp-content\/uploads\/2024\/06\/fotodok_vp_aldebro-006-225x300.jpg 225w, http:\/\/aldebro.hu\/wp-content\/uploads\/2024\/06\/fotodok_vp_aldebro-006-768x1024.jpg 768w, http:\/\/aldebro.hu\/wp-content\/uploads\/2024\/06\/fotodok_vp_aldebro-006-1152x1536.jpg 1152w, http:\/\/aldebro.hu\/wp-content\/uploads\/2024\/06\/fotodok_vp_aldebro-006-739x986.jpg 739w\" sizes=\"auto, (max-width: 1240px) 100vw, 1240px\" \/><\/figure>\n\n\n\n<figure class=\"wp-block-image\"><img loading=\"lazy\" decoding=\"async\" width=\"1240\" height=\"1654\" src=\"http:\/\/aldebro.hu\/wp-content\/uploads\/2024\/06\/fotodok_vp_aldebro-005.jpg\" alt=\"\" class=\"wp-image-8318\" srcset=\"http:\/\/aldebro.hu\/wp-content\/uploads\/2024\/06\/fotodok_vp_aldebro-005.jpg 1240w, http:\/\/aldebro.hu\/wp-content\/uploads\/2024\/06\/fotodok_vp_aldebro-005-225x300.jpg 225w, http:\/\/aldebro.hu\/wp-content\/uploads\/2024\/06\/fotodok_vp_aldebro-005-768x1024.jpg 768w, http:\/\/aldebro.hu\/wp-content\/uploads\/2024\/06\/fotodok_vp_aldebro-005-1152x1536.jpg 1152w, http:\/\/aldebro.hu\/wp-content\/uploads\/2024\/06\/fotodok_vp_aldebro-005-739x986.jpg 739w\" sizes=\"auto, (max-width: 1240px) 100vw, 1240px\" \/><\/figure>\n\n\n\n<figure class=\"wp-block-image\"><img loading=\"lazy\" decoding=\"async\" width=\"1240\" height=\"1654\" src=\"http:\/\/aldebro.hu\/wp-content\/uploads\/2024\/06\/fotodok_vp_aldebro-007.jpg\" alt=\"\" class=\"wp-image-8320\" srcset=\"http:\/\/aldebro.hu\/wp-content\/uploads\/2024\/06\/fotodok_vp_aldebro-007.jpg 1240w, http:\/\/aldebro.hu\/wp-content\/uploads\/2024\/06\/fotodok_vp_aldebro-007-225x300.jpg 225w, http:\/\/aldebro.hu\/wp-content\/uploads\/2024\/06\/fotodok_vp_aldebro-007-768x1024.jpg 768w, http:\/\/aldebro.hu\/wp-content\/uploads\/2024\/06\/fotodok_vp_aldebro-007-1152x1536.jpg 1152w, http:\/\/aldebro.hu\/wp-content\/uploads\/2024\/06\/fotodok_vp_aldebro-007-739x986.jpg 739w\" sizes=\"auto, (max-width: 1240px) 100vw, 1240px\" \/><\/figure>\n\n\n\n<figure class=\"wp-block-image\"><img loading=\"lazy\" decoding=\"async\" width=\"1240\" height=\"1654\" src=\"http:\/\/aldebro.hu\/wp-content\/uploads\/2024\/06\/fotodok_vp_aldebro-003.jpg\" alt=\"\" class=\"wp-image-8316\" srcset=\"http:\/\/aldebro.hu\/wp-content\/uploads\/2024\/06\/fotodok_vp_aldebro-003.jpg 1240w, http:\/\/aldebro.hu\/wp-content\/uploads\/2024\/06\/fotodok_vp_aldebro-003-225x300.jpg 225w, http:\/\/aldebro.hu\/wp-content\/uploads\/2024\/06\/fotodok_vp_aldebro-003-768x1024.jpg 768w, http:\/\/aldebro.hu\/wp-content\/uploads\/2024\/06\/fotodok_vp_aldebro-003-1152x1536.jpg 1152w, http:\/\/aldebro.hu\/wp-content\/uploads\/2024\/06\/fotodok_vp_aldebro-003-739x986.jpg 739w\" sizes=\"auto, (max-width: 1240px) 100vw, 1240px\" \/><\/figure>\n\n\n\n<figure class=\"wp-block-image\"><img loading=\"lazy\" decoding=\"async\" width=\"1240\" height=\"1654\" src=\"http:\/\/aldebro.hu\/wp-content\/uploads\/2024\/06\/fotodok_vp_aldebro-004.jpg\" alt=\"\" class=\"wp-image-8317\" srcset=\"http:\/\/aldebro.hu\/wp-content\/uploads\/2024\/06\/fotodok_vp_aldebro-004.jpg 1240w, http:\/\/aldebro.hu\/wp-content\/uploads\/2024\/06\/fotodok_vp_aldebro-004-225x300.jpg 225w, http:\/\/aldebro.hu\/wp-content\/uploads\/2024\/06\/fotodok_vp_aldebro-004-768x1024.jpg 768w, http:\/\/aldebro.hu\/wp-content\/uploads\/2024\/06\/fotodok_vp_aldebro-004-1152x1536.jpg 1152w, http:\/\/aldebro.hu\/wp-content\/uploads\/2024\/06\/fotodok_vp_aldebro-004-739x986.jpg 739w\" sizes=\"auto, (max-width: 1240px) 100vw, 1240px\" \/><\/figure>\n\n\n\n<figure class=\"wp-block-image\"><img loading=\"lazy\" decoding=\"async\" width=\"1240\" height=\"1654\" src=\"http:\/\/aldebro.hu\/wp-content\/uploads\/2024\/06\/fotodok_vp_aldebro-002.jpg\" alt=\"\" class=\"wp-image-8315\" srcset=\"http:\/\/aldebro.hu\/wp-content\/uploads\/2024\/06\/fotodok_vp_aldebro-002.jpg 1240w, http:\/\/aldebro.hu\/wp-content\/uploads\/2024\/06\/fotodok_vp_aldebro-002-225x300.jpg 225w, http:\/\/aldebro.hu\/wp-content\/uploads\/2024\/06\/fotodok_vp_aldebro-002-768x1024.jpg 768w, http:\/\/aldebro.hu\/wp-content\/uploads\/2024\/06\/fotodok_vp_aldebro-002-1152x1536.jpg 1152w, http:\/\/aldebro.hu\/wp-content\/uploads\/2024\/06\/fotodok_vp_aldebro-002-739x986.jpg 739w\" sizes=\"auto, (max-width: 1240px) 100vw, 1240px\" \/><\/figure>\n","protected":false},"excerpt":{"rendered":"","protected":false},"author":1,"featured_media":0,"parent":0,"menu_order":0,"comment_status":"closed","ping_status":"closed","template":"","meta":{"footnotes":""},"class_list":["post-8325","page","type-page","status-publish","hentry"],"_links":{"self":[{"href":"http:\/\/aldebro.hu\/en\/wp-json\/wp\/v2\/pages\/8325","targetHints":{"allow":["GET"]}}],"collection":[{"href":"http:\/\/aldebro.hu\/en\/wp-json\/wp\/v2\/pages"}],"about":[{"href":"http:\/\/aldebro.hu\/en\/wp-json\/wp\/v2\/types\/page"}],"author":[{"embeddable":true,"href":"http:\/\/aldebro.hu\/en\/wp-json\/wp\/v2\/users\/1"}],"replies":[{"embeddable":true,"href":"http:\/\/aldebro.hu\/en\/wp-json\/wp\/v2\/comments?post=8325"}],"version-history":[{"count":4,"href":"http:\/\/aldebro.hu\/en\/wp-json\/wp\/v2\/pages\/8325\/revisions"}],"predecessor-version":[{"id":8333,"href":"http:\/\/aldebro.hu\/en\/wp-json\/wp\/v2\/pages\/8325\/revisions\/8333"}],"wp:attachment":[{"href":"http:\/\/aldebro.hu\/en\/wp-json\/wp\/v2\/media?parent=8325"}],"curies":[{"name":"wp","href":"https:\/\/api.w.org\/{rel}","templated":true}]}}