{"id":8591,"date":"2025-01-07T17:43:13","date_gmt":"2025-01-07T16:43:13","guid":{"rendered":"http:\/\/aldebro.hu\/?page_id=8591"},"modified":"2025-01-07T17:58:01","modified_gmt":"2025-01-07T16:58:01","slug":"aldebro-kozseg-onkormanyzata-kepviselo-testuletenek-10-2024-xii-11-onkormanyzati-rendelete-a-kozteruletek-hasznalatarol","status":"publish","type":"page","link":"http:\/\/aldebro.hu\/en\/aldebro-kozseg-onkormanyzata-kepviselo-testuletenek-10-2024-xii-11-onkormanyzati-rendelete-a-kozteruletek-hasznalatarol\/","title":{"rendered":"Aldebr\u0151 K\u00f6zs\u00e9g \u00d6nkorm\u00e1nyzata K\u00e9pvisel\u0151-test\u00fclet\u00e9nek 10\/2024. (XII. 11.) \u00f6nkorm\u00e1nyzati rendelete a k\u00f6zter\u00fcletek haszn\u00e1lat\u00e1r\u00f3l"},"content":{"rendered":"\n<p><\/p>\n\n\n\n<p class=\"has-medium-font-size\"><strong>Aldebr\u0151 K\u00f6zs\u00e9g \u00d6nkorm\u00e1nyzata K\u00e9pvisel\u0151-test\u00fclet\u00e9nek 10\/2024. (XII. 11.) \u00f6nkorm\u00e1nyzati rendelete a k\u00f6zter\u00fcletek haszn\u00e1lat\u00e1r\u00f3l<\/strong><\/p>\n\n\n\n<h2 class=\"wp-block-heading has-medium-font-size\" id=\"sc20245Y-660SP000010-4\"><a href=\"https:\/\/or.njt.hu\/eli\/380436\/r\/2024\/10\/2025-01-15\"><mark style=\"background-color:rgba(0, 0, 0, 0)\" class=\"has-inline-color has-vivid-cyan-blue-color\"><strong>A rendelet ide kattintva megtekinthet\u0151<\/strong><\/mark><\/a><\/h2>\n","protected":false},"excerpt":{"rendered":"<p>Aldebr\u0151 K\u00f6zs\u00e9g \u00d6nkorm\u00e1nyzata K\u00e9pvisel\u0151-test\u00fclet\u00e9nek 10\/2024. (XII. 11.) \u00f6nkorm\u00e1nyzati rendelete a k\u00f6zter\u00fcletek haszn\u00e1lat\u00e1r\u00f3l A rendelet ide kattintva megtekinthet\u0151<\/p>\n","protected":false},"author":1,"featured_media":0,"parent":0,"menu_order":0,"comment_status":"closed","ping_status":"closed","template":"","meta":{"footnotes":""},"class_list":["post-8591","page","type-page","status-publish","hentry"],"_links":{"self":[{"href":"http:\/\/aldebro.hu\/en\/wp-json\/wp\/v2\/pages\/8591","targetHints":{"allow":["GET"]}}],"collection":[{"href":"http:\/\/aldebro.hu\/en\/wp-json\/wp\/v2\/pages"}],"about":[{"href":"http:\/\/aldebro.hu\/en\/wp-json\/wp\/v2\/types\/page"}],"author":[{"embeddable":true,"href":"http:\/\/aldebro.hu\/en\/wp-json\/wp\/v2\/users\/1"}],"replies":[{"embeddable":true,"href":"http:\/\/aldebro.hu\/en\/wp-json\/wp\/v2\/comments?post=8591"}],"version-history":[{"count":5,"href":"http:\/\/aldebro.hu\/en\/wp-json\/wp\/v2\/pages\/8591\/revisions"}],"predecessor-version":[{"id":8598,"href":"http:\/\/aldebro.hu\/en\/wp-json\/wp\/v2\/pages\/8591\/revisions\/8598"}],"wp:attachment":[{"href":"http:\/\/aldebro.hu\/en\/wp-json\/wp\/v2\/media?parent=8591"}],"curies":[{"name":"wp","href":"https:\/\/api.w.org\/{rel}","templated":true}]}}