{"id":8614,"date":"2025-02-06T08:18:25","date_gmt":"2025-02-06T07:18:25","guid":{"rendered":"http:\/\/aldebro.hu\/?page_id=8614"},"modified":"2025-02-06T08:18:25","modified_gmt":"2025-02-06T07:18:25","slug":"rss-2","status":"publish","type":"page","link":"http:\/\/aldebro.hu\/en\/rss-2\/","title":{"rendered":"Rss"},"content":{"rendered":"<div class=\"feedzy-loop-columns-1 wp-block-feedzy-rss-feeds-loop\"><div class=\"wp-block-group\" style=\"margin-top:var(--wp--preset--spacing--30);margin-bottom:var(--wp--preset--spacing--30);padding-top:var(--wp--preset--spacing--30);padding-right:var(--wp--preset--spacing--30);padding-bottom:var(--wp--preset--spacing--30);padding-left:var(--wp--preset--spacing--30)\"><div class=\"wp-block-group__inner-container is-layout-constrained wp-container-core-group-is-layout-40cadcaa wp-block-group-is-layout-constrained\"><figure class=\"wp-block-image\"><a href=\"http:\/\/aldebro.hu\/opus-tigaz-felivasa\/\"><img decoding=\"async\" src=\"http:\/\/aldebro.hu\/wp-content\/uploads\/2026\/04\/OPUS-Tigaz-Felhivas-724x1024.jpg\" alt=\"OPUS Tig\u00e1z fel\u00edv\u00e1sa\"\/><\/a><\/figure><p><a href=\"http:\/\/aldebro.hu\/opus-tigaz-felivasa\/\">OPUS Tig\u00e1z fel\u00edv\u00e1sa<\/a><\/p><p class=\"has-medium-font-size\">by <a href=\"\/\/aldebro.hu\" target=\"_blank\" title=\"aldebro.hu\" >admin.aldebro<\/a> on 2026-04-29 at 13:48 <\/p><p class=\"has-small-font-size\"><\/p><\/div><\/div><div class=\"wp-block-group\" style=\"margin-top:var(--wp--preset--spacing--30);margin-bottom:var(--wp--preset--spacing--30);padding-top:var(--wp--preset--spacing--30);padding-right:var(--wp--preset--spacing--30);padding-bottom:var(--wp--preset--spacing--30);padding-left:var(--wp--preset--spacing--30)\"><div class=\"wp-block-group__inner-container is-layout-constrained wp-container-core-group-is-layout-40cadcaa wp-block-group-is-layout-constrained\"><figure class=\"wp-block-image\"><a href=\"http:\/\/aldebro.hu\/tajekoztatas-strabag-kft\/\"><img decoding=\"async\" src=\"http:\/\/aldebro.hu\/wp-content\/uploads\/2026\/04\/figyelem-2-724x1024.png\" alt=\"T\u00e1j\u00e9koztat\u00e1s \u2013 STRABAG Kft.\"\/><\/a><\/figure><p><a href=\"http:\/\/aldebro.hu\/tajekoztatas-strabag-kft\/\">T\u00e1j\u00e9koztat\u00e1s \u2013 STRABAG Kft.<\/a><\/p><p class=\"has-medium-font-size\">by <a href=\"\/\/aldebro.hu\" target=\"_blank\" title=\"aldebro.hu\" >admin.aldebro<\/a> on 2026-04-21 at 13:22 <\/p><p class=\"has-small-font-size\"><\/p><\/div><\/div><div class=\"wp-block-group\" style=\"margin-top:var(--wp--preset--spacing--30);margin-bottom:var(--wp--preset--spacing--30);padding-top:var(--wp--preset--spacing--30);padding-right:var(--wp--preset--spacing--30);padding-bottom:var(--wp--preset--spacing--30);padding-left:var(--wp--preset--spacing--30)\"><div class=\"wp-block-group__inner-container is-layout-constrained wp-container-core-group-is-layout-40cadcaa wp-block-group-is-layout-constrained\"><figure class=\"wp-block-image\"><a href=\"http:\/\/aldebro.hu\/mohosz-2026-2\/\"><img decoding=\"async\" src=\"http:\/\/aldebro.hu\/wp-content\/uploads\/2026\/04\/MOHOSZ-hirdetmeny-2026-ev-tavaszi-pontytelepites-Sporthorgasz-Egyesulet-Aldebro-1-724x1024.jpg\" alt=\"MOHOSZ 2026\"\/><\/a><\/figure><p><a href=\"http:\/\/aldebro.hu\/mohosz-2026-2\/\">MOHOSZ 2026<\/a><\/p><p class=\"has-medium-font-size\">by <a href=\"\/\/aldebro.hu\" target=\"_blank\" title=\"aldebro.hu\" >admin.aldebro<\/a> on 2026-04-07 at 12:52 <\/p><p class=\"has-small-font-size\"><\/p><\/div><\/div><div class=\"wp-block-group\" style=\"margin-top:var(--wp--preset--spacing--30);margin-bottom:var(--wp--preset--spacing--30);padding-top:var(--wp--preset--spacing--30);padding-right:var(--wp--preset--spacing--30);padding-bottom:var(--wp--preset--spacing--30);padding-left:var(--wp--preset--spacing--30)\"><div class=\"wp-block-group__inner-container is-layout-constrained wp-container-core-group-is-layout-40cadcaa wp-block-group-is-layout-constrained\"><figure class=\"wp-block-image\"><a href=\"http:\/\/aldebro.hu\/ajanlatteteli-felhivas-ovodatej-beszerzesere-2\/\"><img decoding=\"async\" src=\"http:\/\/aldebro.hu\/wp-content\/uploads\/2026\/04\/Ajanlatteteli-felhivas-ovodatej-beszerzesere-0001-724x1024.jpg\" alt=\"Aj\u00e1nlatt\u00e9teli felh\u00edv\u00e1s \u00f3vodatej beszerz\u00e9s\u00e9re\"\/><\/a><\/figure><p><a href=\"http:\/\/aldebro.hu\/ajanlatteteli-felhivas-ovodatej-beszerzesere-2\/\">Aj\u00e1nlatt\u00e9teli felh\u00edv\u00e1s \u00f3vodatej beszerz\u00e9s\u00e9re<\/a><\/p><p class=\"has-medium-font-size\">by <a href=\"\/\/aldebro.hu\" target=\"_blank\" title=\"aldebro.hu\" >admin.aldebro<\/a> on 2026-04-02 at 13:13 <\/p><p class=\"has-small-font-size\"><\/p><\/div><\/div><div class=\"wp-block-group\" style=\"margin-top:var(--wp--preset--spacing--30);margin-bottom:var(--wp--preset--spacing--30);padding-top:var(--wp--preset--spacing--30);padding-right:var(--wp--preset--spacing--30);padding-bottom:var(--wp--preset--spacing--30);padding-left:var(--wp--preset--spacing--30)\"><div class=\"wp-block-group__inner-container is-layout-constrained wp-container-core-group-is-layout-40cadcaa wp-block-group-is-layout-constrained\"><figure class=\"wp-block-image\"><a href=\"http:\/\/aldebro.hu\/ovodai-beiratkozas-2\/\"><img decoding=\"async\" src=\"http:\/\/aldebro.hu\/wp-content\/uploads\/2026\/03\/Ovodai-beiratkozas-722x1024.jpg\" alt=\"\u00d3vodai be\u00edratkoz\u00e1s\"\/><\/a><\/figure><p><a href=\"http:\/\/aldebro.hu\/ovodai-beiratkozas-2\/\">\u00d3vodai be\u00edratkoz\u00e1s<\/a><\/p><p class=\"has-medium-font-size\">by <a href=\"\/\/aldebro.hu\" target=\"_blank\" title=\"aldebro.hu\" >admin.aldebro<\/a> on 2026-03-27 at 07:35 <\/p><p class=\"has-small-font-size\"><\/p><\/div><\/div><\/div>","protected":false},"excerpt":{"rendered":"","protected":false},"author":1,"featured_media":0,"parent":0,"menu_order":0,"comment_status":"closed","ping_status":"closed","template":"","meta":{"footnotes":""},"class_list":["post-8614","page","type-page","status-publish","hentry"],"_links":{"self":[{"href":"http:\/\/aldebro.hu\/en\/wp-json\/wp\/v2\/pages\/8614","targetHints":{"allow":["GET"]}}],"collection":[{"href":"http:\/\/aldebro.hu\/en\/wp-json\/wp\/v2\/pages"}],"about":[{"href":"http:\/\/aldebro.hu\/en\/wp-json\/wp\/v2\/types\/page"}],"author":[{"embeddable":true,"href":"http:\/\/aldebro.hu\/en\/wp-json\/wp\/v2\/users\/1"}],"replies":[{"embeddable":true,"href":"http:\/\/aldebro.hu\/en\/wp-json\/wp\/v2\/comments?post=8614"}],"version-history":[{"count":1,"href":"http:\/\/aldebro.hu\/en\/wp-json\/wp\/v2\/pages\/8614\/revisions"}],"predecessor-version":[{"id":8615,"href":"http:\/\/aldebro.hu\/en\/wp-json\/wp\/v2\/pages\/8614\/revisions\/8615"}],"wp:attachment":[{"href":"http:\/\/aldebro.hu\/en\/wp-json\/wp\/v2\/media?parent=8614"}],"curies":[{"name":"wp","href":"https:\/\/api.w.org\/{rel}","templated":true}]}}