{"id":8830,"date":"2025-07-23T17:08:50","date_gmt":"2025-07-23T16:08:50","guid":{"rendered":"http:\/\/aldebro.hu\/?page_id=8830"},"modified":"2025-07-23T17:15:35","modified_gmt":"2025-07-23T16:15:35","slug":"2025-evi-kepviselotestuleti-ulesek-nyilt-jegyzokonyvei","status":"publish","type":"page","link":"http:\/\/aldebro.hu\/en\/2025-evi-kepviselotestuleti-ulesek-nyilt-jegyzokonyvei\/","title":{"rendered":"2025. \u00e9vi K\u00e9pvisel\u0151test\u00fcleti \u00fcl\u00e9sek ny\u00edlt jegyz\u0151k\u00f6nyvei"},"content":{"rendered":"\n<p><strong>Aldebr\u0151 k\u00f6zs\u00e9g K\u00e9pvisel\u0151test\u00fclet\u00e9nek 2025. \u00e9vben megtartott ny\u00edlt \u00fcl\u00e9sei<\/strong>:<\/p>\n\n\n\n<p><a href=\"http:\/\/aldebro.hu\/wp-content\/uploads\/2025\/07\/Jegyzokonyv-Aldebro-nyilvanos-ules-2025.01.28.pdf\"><strong>2025. janu\u00e1r 28.<\/strong><\/a><\/p>\n\n\n\n<p><a href=\"http:\/\/aldebro.hu\/wp-content\/uploads\/2025\/07\/Jegyzokonyv-Aldebro-KT-nyilvanos-ules-2025.02.11.pdf\"><strong>2025. febru\u00e1r 11.<\/strong><\/a><\/p>\n\n\n\n<p><a href=\"http:\/\/aldebro.hu\/wp-content\/uploads\/2025\/07\/Jegyzokonyv-Aldebro-KT-ules-2025.03.13.pdf\"><strong>2025. m\u00e1rcius 13.<\/strong><\/a><\/p>\n\n\n\n<p><a href=\"http:\/\/aldebro.hu\/wp-content\/uploads\/2025\/07\/Jegyzokonyv-Aldebro-KT-ules-2025.04.03.pdf\"><strong>2025. \u00e1prilis 03.<\/strong><\/a><\/p>\n\n\n\n<p><a href=\"http:\/\/aldebro.hu\/wp-content\/uploads\/2025\/07\/Jegyzokonyv-Aldebro-rendkivuli-nyilvanos-KT-ules-2025.04.07.pdf\"><strong>2025. \u00e1prilis 07.<\/strong><\/a><\/p>\n\n\n\n<p><a href=\"http:\/\/aldebro.hu\/wp-content\/uploads\/2025\/07\/Jegyzokonyv-Aldebro-nyilt-KT-ules-2025.05.28.pdf\"><strong>2025. m\u00e1jus 28.<\/strong><\/a><\/p>\n\n\n\n<p><\/p>\n","protected":false},"excerpt":{"rendered":"<p>Aldebr\u0151 k\u00f6zs\u00e9g K\u00e9pvisel\u0151test\u00fclet\u00e9nek 2025. \u00e9vben megtartott ny\u00edlt \u00fcl\u00e9sei: 2025. janu\u00e1r 28. 2025. febru\u00e1r 11. 2025. m\u00e1rcius 13. 2025. \u00e1prilis 03&#8230;.<\/p>\n","protected":false},"author":1,"featured_media":0,"parent":0,"menu_order":0,"comment_status":"closed","ping_status":"closed","template":"","meta":{"footnotes":""},"class_list":["post-8830","page","type-page","status-publish","hentry"],"_links":{"self":[{"href":"http:\/\/aldebro.hu\/en\/wp-json\/wp\/v2\/pages\/8830","targetHints":{"allow":["GET"]}}],"collection":[{"href":"http:\/\/aldebro.hu\/en\/wp-json\/wp\/v2\/pages"}],"about":[{"href":"http:\/\/aldebro.hu\/en\/wp-json\/wp\/v2\/types\/page"}],"author":[{"embeddable":true,"href":"http:\/\/aldebro.hu\/en\/wp-json\/wp\/v2\/users\/1"}],"replies":[{"embeddable":true,"href":"http:\/\/aldebro.hu\/en\/wp-json\/wp\/v2\/comments?post=8830"}],"version-history":[{"count":2,"href":"http:\/\/aldebro.hu\/en\/wp-json\/wp\/v2\/pages\/8830\/revisions"}],"predecessor-version":[{"id":8833,"href":"http:\/\/aldebro.hu\/en\/wp-json\/wp\/v2\/pages\/8830\/revisions\/8833"}],"wp:attachment":[{"href":"http:\/\/aldebro.hu\/en\/wp-json\/wp\/v2\/media?parent=8830"}],"curies":[{"name":"wp","href":"https:\/\/api.w.org\/{rel}","templated":true}]}}