{"id":9178,"date":"2026-02-20T11:46:15","date_gmt":"2026-02-20T10:46:15","guid":{"rendered":"http:\/\/aldebro.hu\/?page_id=9178"},"modified":"2026-02-20T11:48:11","modified_gmt":"2026-02-20T10:48:11","slug":"2026-evi-valasztas","status":"publish","type":"page","link":"http:\/\/aldebro.hu\/en\/2026-evi-valasztas\/","title":{"rendered":"2026. \u00c9VI  V\u00c1LASZT\u00c1S"},"content":{"rendered":"\n<p><a href=\"https:\/\/vtr.valasztas.hu\/nyito\"><strong><mark style=\"background-color:rgba(0, 0, 0, 0)\" class=\"has-inline-color has-vivid-cyan-blue-color\">www.valasztas.hu<\/mark><\/strong><\/a><\/p>\n\n\n\n<p><\/p>\n","protected":false},"excerpt":{"rendered":"<p>www.valasztas.hu<\/p>\n","protected":false},"author":1,"featured_media":0,"parent":0,"menu_order":0,"comment_status":"closed","ping_status":"closed","template":"","meta":{"footnotes":""},"class_list":["post-9178","page","type-page","status-publish","hentry"],"_links":{"self":[{"href":"http:\/\/aldebro.hu\/en\/wp-json\/wp\/v2\/pages\/9178","targetHints":{"allow":["GET"]}}],"collection":[{"href":"http:\/\/aldebro.hu\/en\/wp-json\/wp\/v2\/pages"}],"about":[{"href":"http:\/\/aldebro.hu\/en\/wp-json\/wp\/v2\/types\/page"}],"author":[{"embeddable":true,"href":"http:\/\/aldebro.hu\/en\/wp-json\/wp\/v2\/users\/1"}],"replies":[{"embeddable":true,"href":"http:\/\/aldebro.hu\/en\/wp-json\/wp\/v2\/comments?post=9178"}],"version-history":[{"count":2,"href":"http:\/\/aldebro.hu\/en\/wp-json\/wp\/v2\/pages\/9178\/revisions"}],"predecessor-version":[{"id":9181,"href":"http:\/\/aldebro.hu\/en\/wp-json\/wp\/v2\/pages\/9178\/revisions\/9181"}],"wp:attachment":[{"href":"http:\/\/aldebro.hu\/en\/wp-json\/wp\/v2\/media?parent=9178"}],"curies":[{"name":"wp","href":"https:\/\/api.w.org\/{rel}","templated":true}]}}