{"id":9183,"date":"2026-02-20T12:10:58","date_gmt":"2026-02-20T11:10:58","guid":{"rendered":"http:\/\/aldebro.hu\/?page_id=9183"},"modified":"2026-02-20T18:13:49","modified_gmt":"2026-02-20T17:13:49","slug":"jegyzokonyv-aldebro-kozseg-hvb-2026-02-19","status":"publish","type":"page","link":"http:\/\/aldebro.hu\/en\/jegyzokonyv-aldebro-kozseg-hvb-2026-02-19\/","title":{"rendered":"Jegyz\u0151k\u00f6nyv -Aldebr\u0151 K\u00f6zs\u00e9g HVB (2026.02.19.)"},"content":{"rendered":"\n<div class=\"wp-block-group is-vertical is-layout-flex wp-container-core-group-is-layout-8cf370e7 wp-block-group-is-layout-flex\">\n<figure class=\"wp-block-gallery has-nested-images columns-2 is-cropped wp-block-gallery-1 is-layout-flex wp-block-gallery-is-layout-flex\">\n<figure class=\"wp-block-image size-large\"><img loading=\"lazy\" decoding=\"async\" width=\"724\" height=\"1024\" data-id=\"9196\" src=\"http:\/\/aldebro.hu\/wp-content\/uploads\/2026\/02\/Jegyzokonyv-Aldebro-Kozseg-Helyi-Valasztasi-Bizottsag-0001-1-724x1024.jpg\" alt=\"\" class=\"wp-image-9196\" srcset=\"http:\/\/aldebro.hu\/wp-content\/uploads\/2026\/02\/Jegyzokonyv-Aldebro-Kozseg-Helyi-Valasztasi-Bizottsag-0001-1-724x1024.jpg 724w, http:\/\/aldebro.hu\/wp-content\/uploads\/2026\/02\/Jegyzokonyv-Aldebro-Kozseg-Helyi-Valasztasi-Bizottsag-0001-1-212x300.jpg 212w, http:\/\/aldebro.hu\/wp-content\/uploads\/2026\/02\/Jegyzokonyv-Aldebro-Kozseg-Helyi-Valasztasi-Bizottsag-0001-1-768x1086.jpg 768w, http:\/\/aldebro.hu\/wp-content\/uploads\/2026\/02\/Jegyzokonyv-Aldebro-Kozseg-Helyi-Valasztasi-Bizottsag-0001-1-1087x1536.jpg 1087w, http:\/\/aldebro.hu\/wp-content\/uploads\/2026\/02\/Jegyzokonyv-Aldebro-Kozseg-Helyi-Valasztasi-Bizottsag-0001-1-739x1045.jpg 739w, http:\/\/aldebro.hu\/wp-content\/uploads\/2026\/02\/Jegyzokonyv-Aldebro-Kozseg-Helyi-Valasztasi-Bizottsag-0001-1.jpg 1240w\" sizes=\"auto, (max-width: 724px) 100vw, 724px\" \/><\/figure>\n<\/figure>\n\n\n\n<figure class=\"wp-block-gallery has-nested-images columns-default is-cropped wp-block-gallery-2 is-layout-flex wp-block-gallery-is-layout-flex\">\n<figure class=\"wp-block-image size-large\"><img loading=\"lazy\" decoding=\"async\" width=\"724\" height=\"1024\" data-id=\"9203\" src=\"http:\/\/aldebro.hu\/wp-content\/uploads\/2026\/02\/Jegyzokonyv-Aldebro-Kozseg-Helyi-Valasztasi-Bizottsag-0002-3-724x1024.jpg\" alt=\"\" class=\"wp-image-9203\" srcset=\"http:\/\/aldebro.hu\/wp-content\/uploads\/2026\/02\/Jegyzokonyv-Aldebro-Kozseg-Helyi-Valasztasi-Bizottsag-0002-3-724x1024.jpg 724w, http:\/\/aldebro.hu\/wp-content\/uploads\/2026\/02\/Jegyzokonyv-Aldebro-Kozseg-Helyi-Valasztasi-Bizottsag-0002-3-212x300.jpg 212w, http:\/\/aldebro.hu\/wp-content\/uploads\/2026\/02\/Jegyzokonyv-Aldebro-Kozseg-Helyi-Valasztasi-Bizottsag-0002-3-768x1086.jpg 768w, http:\/\/aldebro.hu\/wp-content\/uploads\/2026\/02\/Jegyzokonyv-Aldebro-Kozseg-Helyi-Valasztasi-Bizottsag-0002-3-1087x1536.jpg 1087w, http:\/\/aldebro.hu\/wp-content\/uploads\/2026\/02\/Jegyzokonyv-Aldebro-Kozseg-Helyi-Valasztasi-Bizottsag-0002-3-739x1045.jpg 739w, http:\/\/aldebro.hu\/wp-content\/uploads\/2026\/02\/Jegyzokonyv-Aldebro-Kozseg-Helyi-Valasztasi-Bizottsag-0002-3.jpg 1240w\" sizes=\"auto, (max-width: 724px) 100vw, 724px\" \/><\/figure>\n<\/figure>\n<\/div>\n\n\n\n<figure class=\"wp-block-gallery has-nested-images columns-default is-cropped wp-block-gallery-3 is-layout-flex wp-block-gallery-is-layout-flex\">\n<figure class=\"wp-block-image size-large\"><img loading=\"lazy\" decoding=\"async\" width=\"724\" height=\"1024\" data-id=\"9204\" src=\"http:\/\/aldebro.hu\/wp-content\/uploads\/2026\/02\/Jegyzokonyv-Aldebro-Kozseg-Helyi-Valasztasi-Bizottsag-0003-1-724x1024.jpg\" alt=\"\" class=\"wp-image-9204\" srcset=\"http:\/\/aldebro.hu\/wp-content\/uploads\/2026\/02\/Jegyzokonyv-Aldebro-Kozseg-Helyi-Valasztasi-Bizottsag-0003-1-724x1024.jpg 724w, http:\/\/aldebro.hu\/wp-content\/uploads\/2026\/02\/Jegyzokonyv-Aldebro-Kozseg-Helyi-Valasztasi-Bizottsag-0003-1-212x300.jpg 212w, http:\/\/aldebro.hu\/wp-content\/uploads\/2026\/02\/Jegyzokonyv-Aldebro-Kozseg-Helyi-Valasztasi-Bizottsag-0003-1-768x1086.jpg 768w, http:\/\/aldebro.hu\/wp-content\/uploads\/2026\/02\/Jegyzokonyv-Aldebro-Kozseg-Helyi-Valasztasi-Bizottsag-0003-1-1087x1536.jpg 1087w, http:\/\/aldebro.hu\/wp-content\/uploads\/2026\/02\/Jegyzokonyv-Aldebro-Kozseg-Helyi-Valasztasi-Bizottsag-0003-1-739x1045.jpg 739w, http:\/\/aldebro.hu\/wp-content\/uploads\/2026\/02\/Jegyzokonyv-Aldebro-Kozseg-Helyi-Valasztasi-Bizottsag-0003-1.jpg 1240w\" sizes=\"auto, (max-width: 724px) 100vw, 724px\" \/><\/figure>\n<\/figure>\n\n\n\n<figure class=\"wp-block-gallery has-nested-images columns-default is-cropped wp-block-gallery-4 is-layout-flex wp-block-gallery-is-layout-flex\">\n<figure class=\"wp-block-image size-large\"><img loading=\"lazy\" decoding=\"async\" width=\"724\" height=\"1024\" data-id=\"9205\" src=\"http:\/\/aldebro.hu\/wp-content\/uploads\/2026\/02\/Jegyzokonyv-Aldebro-Kozseg-Helyi-Valasztasi-Bizottsag-0004-1-724x1024.jpg\" alt=\"\" class=\"wp-image-9205\" srcset=\"http:\/\/aldebro.hu\/wp-content\/uploads\/2026\/02\/Jegyzokonyv-Aldebro-Kozseg-Helyi-Valasztasi-Bizottsag-0004-1-724x1024.jpg 724w, http:\/\/aldebro.hu\/wp-content\/uploads\/2026\/02\/Jegyzokonyv-Aldebro-Kozseg-Helyi-Valasztasi-Bizottsag-0004-1-212x300.jpg 212w, http:\/\/aldebro.hu\/wp-content\/uploads\/2026\/02\/Jegyzokonyv-Aldebro-Kozseg-Helyi-Valasztasi-Bizottsag-0004-1-768x1086.jpg 768w, http:\/\/aldebro.hu\/wp-content\/uploads\/2026\/02\/Jegyzokonyv-Aldebro-Kozseg-Helyi-Valasztasi-Bizottsag-0004-1-1087x1536.jpg 1087w, http:\/\/aldebro.hu\/wp-content\/uploads\/2026\/02\/Jegyzokonyv-Aldebro-Kozseg-Helyi-Valasztasi-Bizottsag-0004-1-739x1045.jpg 739w, http:\/\/aldebro.hu\/wp-content\/uploads\/2026\/02\/Jegyzokonyv-Aldebro-Kozseg-Helyi-Valasztasi-Bizottsag-0004-1.jpg 1240w\" sizes=\"auto, (max-width: 724px) 100vw, 724px\" \/><\/figure>\n<\/figure>\n","protected":false},"excerpt":{"rendered":"","protected":false},"author":1,"featured_media":0,"parent":0,"menu_order":0,"comment_status":"closed","ping_status":"closed","template":"","meta":{"footnotes":""},"class_list":["post-9183","page","type-page","status-publish","hentry"],"_links":{"self":[{"href":"http:\/\/aldebro.hu\/en\/wp-json\/wp\/v2\/pages\/9183","targetHints":{"allow":["GET"]}}],"collection":[{"href":"http:\/\/aldebro.hu\/en\/wp-json\/wp\/v2\/pages"}],"about":[{"href":"http:\/\/aldebro.hu\/en\/wp-json\/wp\/v2\/types\/page"}],"author":[{"embeddable":true,"href":"http:\/\/aldebro.hu\/en\/wp-json\/wp\/v2\/users\/1"}],"replies":[{"embeddable":true,"href":"http:\/\/aldebro.hu\/en\/wp-json\/wp\/v2\/comments?post=9183"}],"version-history":[{"count":3,"href":"http:\/\/aldebro.hu\/en\/wp-json\/wp\/v2\/pages\/9183\/revisions"}],"predecessor-version":[{"id":9206,"href":"http:\/\/aldebro.hu\/en\/wp-json\/wp\/v2\/pages\/9183\/revisions\/9206"}],"wp:attachment":[{"href":"http:\/\/aldebro.hu\/en\/wp-json\/wp\/v2\/media?parent=9183"}],"curies":[{"name":"wp","href":"https:\/\/api.w.org\/{rel}","templated":true}]}}