{"id":9285,"date":"2026-03-17T15:34:51","date_gmt":"2026-03-17T14:34:51","guid":{"rendered":"http:\/\/aldebro.hu\/?page_id=9285"},"modified":"2026-03-17T15:34:51","modified_gmt":"2026-03-17T14:34:51","slug":"a-kapolnai-tarnavolgye-altalanos-iskola-aldebroi-tagiskola-epuletenek-energetikai-korszerusitese","status":"publish","type":"page","link":"http:\/\/aldebro.hu\/en\/a-kapolnai-tarnavolgye-altalanos-iskola-aldebroi-tagiskola-epuletenek-energetikai-korszerusitese\/","title":{"rendered":"A K\u00e1polnai Tarnav\u00f6lgye \u00c1ltal\u00e1nos Iskola Aldebr\u0151i Tagiskola \u00e9p\u00fclet\u00e9nek energetikai korszer\u0171s\u00edt\u00e9se"},"content":{"rendered":"\n<figure class=\"wp-block-image size-large\"><img loading=\"lazy\" decoding=\"async\" width=\"724\" height=\"1024\" src=\"http:\/\/aldebro.hu\/wp-content\/uploads\/2026\/03\/A-Kapolnai-Tarnavolgye-Altalanos-Iskola-Aldebroi-Tagiskola-epuletenek-energetikai-korszerusitese-724x1024.jpg\" alt=\"\" class=\"wp-image-9286\" srcset=\"http:\/\/aldebro.hu\/wp-content\/uploads\/2026\/03\/A-Kapolnai-Tarnavolgye-Altalanos-Iskola-Aldebroi-Tagiskola-epuletenek-energetikai-korszerusitese-724x1024.jpg 724w, http:\/\/aldebro.hu\/wp-content\/uploads\/2026\/03\/A-Kapolnai-Tarnavolgye-Altalanos-Iskola-Aldebroi-Tagiskola-epuletenek-energetikai-korszerusitese-212x300.jpg 212w, http:\/\/aldebro.hu\/wp-content\/uploads\/2026\/03\/A-Kapolnai-Tarnavolgye-Altalanos-Iskola-Aldebroi-Tagiskola-epuletenek-energetikai-korszerusitese-768x1086.jpg 768w, http:\/\/aldebro.hu\/wp-content\/uploads\/2026\/03\/A-Kapolnai-Tarnavolgye-Altalanos-Iskola-Aldebroi-Tagiskola-epuletenek-energetikai-korszerusitese-1086x1536.jpg 1086w, http:\/\/aldebro.hu\/wp-content\/uploads\/2026\/03\/A-Kapolnai-Tarnavolgye-Altalanos-Iskola-Aldebroi-Tagiskola-epuletenek-energetikai-korszerusitese-739x1045.jpg 739w, http:\/\/aldebro.hu\/wp-content\/uploads\/2026\/03\/A-Kapolnai-Tarnavolgye-Altalanos-Iskola-Aldebroi-Tagiskola-epuletenek-energetikai-korszerusitese.jpg 1240w\" sizes=\"auto, (max-width: 724px) 100vw, 724px\" \/><\/figure>\n\n\n\n<figure class=\"wp-block-image size-large\"><img loading=\"lazy\" decoding=\"async\" width=\"1024\" height=\"734\" src=\"http:\/\/aldebro.hu\/wp-content\/uploads\/2026\/03\/A-Kapolnai-Tarnavolgye-Altalanos-Iskola-Aldebroi-Tagiskola-epuletenek-energetikai-korszerusitese-1-1024x734.jpg\" alt=\"\" class=\"wp-image-9287\" srcset=\"http:\/\/aldebro.hu\/wp-content\/uploads\/2026\/03\/A-Kapolnai-Tarnavolgye-Altalanos-Iskola-Aldebroi-Tagiskola-epuletenek-energetikai-korszerusitese-1-1024x734.jpg 1024w, http:\/\/aldebro.hu\/wp-content\/uploads\/2026\/03\/A-Kapolnai-Tarnavolgye-Altalanos-Iskola-Aldebroi-Tagiskola-epuletenek-energetikai-korszerusitese-1-300x215.jpg 300w, http:\/\/aldebro.hu\/wp-content\/uploads\/2026\/03\/A-Kapolnai-Tarnavolgye-Altalanos-Iskola-Aldebroi-Tagiskola-epuletenek-energetikai-korszerusitese-1-768x551.jpg 768w, http:\/\/aldebro.hu\/wp-content\/uploads\/2026\/03\/A-Kapolnai-Tarnavolgye-Altalanos-Iskola-Aldebroi-Tagiskola-epuletenek-energetikai-korszerusitese-1-1536x1101.jpg 1536w, http:\/\/aldebro.hu\/wp-content\/uploads\/2026\/03\/A-Kapolnai-Tarnavolgye-Altalanos-Iskola-Aldebroi-Tagiskola-epuletenek-energetikai-korszerusitese-1-2048x1468.jpg 2048w, http:\/\/aldebro.hu\/wp-content\/uploads\/2026\/03\/A-Kapolnai-Tarnavolgye-Altalanos-Iskola-Aldebroi-Tagiskola-epuletenek-energetikai-korszerusitese-1-739x530.jpg 739w\" sizes=\"auto, (max-width: 1024px) 100vw, 1024px\" \/><\/figure>\n","protected":false},"excerpt":{"rendered":"","protected":false},"author":1,"featured_media":0,"parent":0,"menu_order":0,"comment_status":"closed","ping_status":"closed","template":"","meta":{"footnotes":""},"class_list":["post-9285","page","type-page","status-publish","hentry"],"_links":{"self":[{"href":"http:\/\/aldebro.hu\/en\/wp-json\/wp\/v2\/pages\/9285","targetHints":{"allow":["GET"]}}],"collection":[{"href":"http:\/\/aldebro.hu\/en\/wp-json\/wp\/v2\/pages"}],"about":[{"href":"http:\/\/aldebro.hu\/en\/wp-json\/wp\/v2\/types\/page"}],"author":[{"embeddable":true,"href":"http:\/\/aldebro.hu\/en\/wp-json\/wp\/v2\/users\/1"}],"replies":[{"embeddable":true,"href":"http:\/\/aldebro.hu\/en\/wp-json\/wp\/v2\/comments?post=9285"}],"version-history":[{"count":1,"href":"http:\/\/aldebro.hu\/en\/wp-json\/wp\/v2\/pages\/9285\/revisions"}],"predecessor-version":[{"id":9288,"href":"http:\/\/aldebro.hu\/en\/wp-json\/wp\/v2\/pages\/9285\/revisions\/9288"}],"wp:attachment":[{"href":"http:\/\/aldebro.hu\/en\/wp-json\/wp\/v2\/media?parent=9285"}],"curies":[{"name":"wp","href":"https:\/\/api.w.org\/{rel}","templated":true}]}}