{"id":9352,"date":"2026-05-13T15:57:06","date_gmt":"2026-05-13T14:57:06","guid":{"rendered":"http:\/\/aldebro.hu\/?page_id=9352"},"modified":"2026-05-13T16:13:46","modified_gmt":"2026-05-13T15:13:46","slug":"2026-evi-kepviselotestuleti-ulesek-nyilt-jegyzokonyvei","status":"publish","type":"page","link":"http:\/\/aldebro.hu\/en\/2026-evi-kepviselotestuleti-ulesek-nyilt-jegyzokonyvei\/","title":{"rendered":"2026. \u00e9vi K\u00e9pvisel\u0151test\u00fcleti \u00fcl\u00e9sek ny\u00edlt jegyz\u0151k\u00f6nyvei"},"content":{"rendered":"\n<p><strong>Aldebr\u0151 k\u00f6zs\u00e9g K\u00e9pvisel\u0151test\u00fclet\u00e9nek 2026. \u00e9vben megtartott ny\u00edlt \u00fcl\u00e9sei<\/strong>:<\/p>\n\n\n\n<p><a href=\"http:\/\/aldebro.hu\/wp-content\/uploads\/2026\/05\/Jegyzokonyv-Aldebro-nyilt-KT-ules-2026.01.17.pdf\"><strong><mark style=\"background-color:rgba(0, 0, 0, 0)\" class=\"has-inline-color has-vivid-cyan-blue-color\">2026. janu\u00e1r 17.<\/mark><\/strong><\/a><\/p>\n\n\n\n<p><a href=\"http:\/\/aldebro.hu\/wp-content\/uploads\/2026\/05\/Jegyzokonyv-Aldebro-nyilt-KT-ules-2026.02.10.pdf\"><strong><mark style=\"background-color:rgba(0, 0, 0, 0)\" class=\"has-inline-color has-vivid-cyan-blue-color\">2026. febru\u00e1r 10.<\/mark><\/strong><\/a><\/p>\n\n\n\n<p><a href=\"http:\/\/aldebro.hu\/wp-content\/uploads\/2026\/05\/Jegyzokonyv-Aldebro-nyilt-KT-ules-2026.03.10.pdf\"><strong><mark style=\"background-color:rgba(0, 0, 0, 0)\" class=\"has-inline-color has-vivid-cyan-blue-color\">2026. m\u00e1rcius 10.<\/mark><\/strong><\/a><\/p>\n\n\n\n<p><\/p>\n\n\n\n<p><\/p>\n\n\n\n<p><\/p>\n","protected":false},"excerpt":{"rendered":"<p>Aldebr\u0151 k\u00f6zs\u00e9g K\u00e9pvisel\u0151test\u00fclet\u00e9nek 2026. \u00e9vben megtartott ny\u00edlt \u00fcl\u00e9sei: 2026. janu\u00e1r 17. 2026. febru\u00e1r 10. 2026. m\u00e1rcius 10.<\/p>\n","protected":false},"author":1,"featured_media":0,"parent":0,"menu_order":0,"comment_status":"closed","ping_status":"closed","template":"","meta":{"footnotes":""},"class_list":["post-9352","page","type-page","status-publish","hentry"],"_links":{"self":[{"href":"http:\/\/aldebro.hu\/en\/wp-json\/wp\/v2\/pages\/9352","targetHints":{"allow":["GET"]}}],"collection":[{"href":"http:\/\/aldebro.hu\/en\/wp-json\/wp\/v2\/pages"}],"about":[{"href":"http:\/\/aldebro.hu\/en\/wp-json\/wp\/v2\/types\/page"}],"author":[{"embeddable":true,"href":"http:\/\/aldebro.hu\/en\/wp-json\/wp\/v2\/users\/1"}],"replies":[{"embeddable":true,"href":"http:\/\/aldebro.hu\/en\/wp-json\/wp\/v2\/comments?post=9352"}],"version-history":[{"count":8,"href":"http:\/\/aldebro.hu\/en\/wp-json\/wp\/v2\/pages\/9352\/revisions"}],"predecessor-version":[{"id":9369,"href":"http:\/\/aldebro.hu\/en\/wp-json\/wp\/v2\/pages\/9352\/revisions\/9369"}],"wp:attachment":[{"href":"http:\/\/aldebro.hu\/en\/wp-json\/wp\/v2\/media?parent=9352"}],"curies":[{"name":"wp","href":"https:\/\/api.w.org\/{rel}","templated":true}]}}